{"id":5,"date":"2019-03-23T10:18:01","date_gmt":"2019-03-23T09:18:01","guid":{"rendered":"http:\/\/www.pornomeile.net\/webcam-sex\/?page_id=5"},"modified":"2025-02-28T17:38:44","modified_gmt":"2025-02-28T16:38:44","slug":"webcam-sex","status":"publish","type":"page","link":"https:\/\/www.pornomeile.net\/webcam-sex\/","title":{"rendered":"Private Sex Webcams mit kostenlosem Zugang"},"content":{"rendered":"<p><a href=\"https:\/\/www.camzucam.net\/\" target=\"_blank\" rel=\"noopener noreferrer\">camzucam.net<\/a><br \/>\nWebcam Sex ist doch erst so richtig geil, wenn du mit dem Camgirl deiner Wahl ganz ungest\u00f6rt intim werden kannst. Mitmachen ist besser, als einfach nur beim Livesex zuschauen zu k\u00f6nnen. Daher wollen wir dir dieses Cam zu Cam Sex Portal mit kostenlosem Zugang vorstellen. Hier chattest du mit Frauen wie Steffi Blond, Nele Sweet, Lia Fox oder Tight Tini. Absolut nahbar und echt. Cam 2 Cam mit geilen deutschen Amateur Girls wichsen und abspritzen!<\/p>\n<p><a href=\"https:\/\/www.webcamsex.sexy\/\" target=\"_blank\" rel=\"noopener noreferrer\">webcamsex.sexy<\/a><br \/>\nHier erwartet dich eine weitere deutschsprachige Webcamsex Community mit frivolen Camgirls, die dir absolut h\u00f6rig sind. Au\u00dferdem gibt es zweit Arten von kostenlosen Zug\u00e4ngen: Bei dem ersten bekommst du 10 \u20ac Guthaben f\u00fcr den privaten Webcam Sex Chat geschenkt. Und bei dem anderen kannst du 30 Tage lang kostenfrei VIP Mitglied werden und genie\u00dft viele Vorteile, die andere Mitglieder nicht haben. Also, surf doch mal auf dieser Seite vorbei und schau dir die hei\u00dfen Schnitten an, die im Cam2Cam Webcamsex Livechat auf dich warten.<\/p>\n<div class=\"mobileadtoo\"><a href=\"https:\/\/www.pornomeile.net\/aktuell\/cams\/\" target=\"_blank\" rel=\"nofollow noopener noreferrer\"><img loading=\"lazy\" decoding=\"async\" src=\"https:\/\/www.pornomeile.net\/banner\/camstart.gif\" width=\"350\" height=\"250\" alt=\"Livecams starten\" \/><\/a><\/div>\n<p><a href=\"https:\/\/www.webcamsex24.net\/\" target=\"_blank\" rel=\"noopener noreferrer\">webcamsex24.net<\/a><br \/>\nNoch immer mit der beste Webcamsex, den du im deutschsprachigen Internet finden wirst! Webcamsex24 gibt es schon sehr lange und genau das zeichnet ja ein erfolgreiches Webcam Sex Portal aus! Dort kannst du dich binnen Sekunden kostenlos anmelden und aus einer riesigen Menge gut sortierter Livecams w\u00e4hlen. Der Cam 2 Cam Webcam Chat ist nat\u00fcrlich vorhanden und ist bei Mitgliedern und auch bei den Cam Girls noch immer sehr beliebt. Du bekommst auf jeden Fall auch Freiminuten &#8211; am besten schaust du selbst dort hinein, wie viele es am heutigen Tage sind. Manchmal bekommst du bis zu 50% Rabatt auf deinen Coin-Einkauf. Und mindestens 10 Minuten bekommst du auf jeden Fall immer gratis. Schau dir Deutschlands beliebtesten Webcamsex Chat an und chatte mit ganz nat\u00fcrlichen Frauen und Camgirls, die es bereits zu Stars unter den Webcamgirls geschafft haben.<\/p>\n<p><a href=\"https:\/\/www.privatwebcams.net\/\" target=\"_blank\" rel=\"noopener noreferrer\">privatwebcams.net<\/a><br \/>\nEinfach nur geil diese deutschen Camgirls. Hier senden wirklich die derbsten Camgirls mit ihren privaten Sexwebcams rund um die Uhr live. Und das Geilste ist &#8211; du kannst dir jetzt ein Ticket besorgen, um eine Sexwebcam gratis auszuprobieren, Du darfst also ganz umsonst direkt mit einer geilen Frau chatten und ihr beim Strippen vor der Cam zusehen. Nat\u00fcrlich kannst du als Voyeur auch einfach nur zuschauen. Auf jeden Fall solltest du dir dieses Gratisangebot unbedingt anschauen.<\/p>\n<p><a href=\"https:\/\/handy-sexcam.net\/\" target=\"_blank\" rel=\"noopener noreferrer\">handy-sexcam.net<\/a><br \/>\nGeile Webcam Frauen kannst du live im Sexchat besuchen und sie beim Sex oder beim sinnlichen masturbieren beobachten. Komm und melde dich jetzt f\u00fcr die geilste Webcam Erotik an und erlebe deinen ersten Besuch bei echten Sexcam Frauen die ihr Handwerk so gut verstehen, das du nicht lange brauchen wirst um den ersehnten H\u00f6hepunkt zu erreichen. Es befinden sich jeden Tag hunderte von geilen Miezen live vor der Erotik Webcam und sie warten nur darauf dich zu verw\u00f6hnen. Falsche Scham ist hier nicht angebracht und man sollte sich einfach seine pers\u00f6nliche Traumfrau bzw. sein Traum P\u00e4rchen aussuchen und ihnen dann direkt mitteilen wie sie den Sex vor der Cam aus\u00fcben sollen.<\/p>\n<p><a href=\"https:\/\/webcamsexchat.geile-muschi.com\/\" target=\"_blank\" rel=\"noopener noreferrer\">webcamsexchat.geile-muschi.com<\/a><br \/>\nVersaute und dauergeile Muschis erwarten deinen Besuch auf diesem Blog, der dir die besten Tipps zum Thema Webcam Sex mit Chat verr\u00e4t. Informiere dich regelm\u00e4\u00dfig \u00fcber die neusten und beliebtesten Webcamportale mit scharfen Amateuren, die mit ihren eigenen Webcams auf Sendung gehen. Ganz tiefe, frivole Einblicke in feuchte M\u00f6sen und Pol\u00f6cher erwartet dich dort. Au\u00dferdem erf\u00e4hrst du immer, bei welchen Camsex Portalen du gerade am meisten Geld sparen kannst. Du kannst jeden Webcam Sexchat dort nat\u00fcrlich mit deinem privaten Rechner nutzen, bist aber auch in der Lage von \u00fcberall aus mit deinem Handy oder Tablet geilen Cam Sex mit Camsex Girls zu erleben. Nicht zu vergessen erwarten dich dort geile Erotik Fotos richtig s\u00fc\u00dfer und extrem frivoler Girls&#8230;<\/p>\n<p><a href=\"https:\/\/www.webcamportal.net\/\" target=\"_blank\" rel=\"noopener noreferrer\">webcamportal.net<\/a><br \/>\nErlebe geile Webcamgirls privat vor der Live SexCam. Du bist auf der Suche nach einer neuen Pornoseite um mit diversen Sexcams Deine Lust zu befriedigen? Dann solltest Du Dir heute noch diese Seite anschauen. Hier findest Du Dein ganz pers\u00f6nliches Portfolio an geilen Sexcams mit Live SexChat. Die geilen Webcamgirls zeigen Dir privat vor der Sexcam alles, ohne Zensur.<\/p>\n<div class=\"mobilead\"><a href=\"https:\/\/www.pornomeile.net\/aktuell\/sexchat\/\" target=\"_blank\" rel=\"nofollow noopener noreferrer\"><img decoding=\"async\" src=\"\/banner\/sexchat-300x250.gif\" alt=\"Webcamsex Chat\" \/><\/a><\/div>\n<p>Wer guten Webcam Sex haben will, der sollte es mit deutschen Sexcam Girls versuchen. Denn die M\u00e4dels aus Deutschland werden keinen ihrer Zuschauer entt\u00e4uschen. Jeder wird beim Camsex das bekommen was er haben will. Deutsche M\u00e4dels geben beim Sex vor der Cam immer alles. Schon allein weil sie selbst geil sind und sich keinen Orgasmus durch die Lappen gehen lassen wollen. Wenn du nun auf den Geschmack gekommen bist und unseren deutschen Sexchat mal testen willst, dann registriere dich jetzt einfach kostenlos und lasse es sofort richtig krachen. Junge, erfahrene aber vor allem durchtriebene Frauen wollen dich in einer privaten Webcamsex Session begl\u00fccken und dir deine W\u00fcnsche im Cam2Cam Livechat erf\u00fcllen. Hast du Lust auf ein ganz intimes Abenteuer mit deutschsprachigen Frauen aus deiner N\u00e4he? Dann bist du hier an der richtigen Adresse. Privater Webcam Live Sex ohne Tabus erwartet dich. Du kannst kostenlos teilnehmen und dir 10 Euro Guthaben kostenfrei abholen. Danach kannst du mit jedem Camgirl zusammen wichsen und in einen ganz privaten Chatkanal gehen.<\/p>\n","protected":false},"excerpt":{"rendered":"<p>camzucam.net Webcam Sex ist doch erst so richtig geil, wenn du mit dem Camgirl deiner Wahl ganz ungest\u00f6rt intim werden kannst. Mitmachen ist besser, als einfach nur beim Livesex zuschauen&#8230;<\/p>\n<div class=\"more-link-wrapper\"><a class=\"more-link\" href=\"https:\/\/www.pornomeile.net\/webcam-sex\/\">Weiterlesen<span class=\"screen-reader-text\">Private Sex Webcams mit kostenlosem Zugang<\/span><\/a><\/div>\n","protected":false},"author":1,"featured_media":0,"parent":0,"menu_order":0,"comment_status":"closed","ping_status":"closed","template":"","meta":{"footnotes":""},"class_list":["post-5","page","type-page","status-publish","hentry","excerpt"],"yoast_head":"<!-- This site is optimized with the Yoast SEO plugin v27.4 - https:\/\/yoast.com\/product\/yoast-seo-wordpress\/ -->\n<title>Webcam Sex | Cam zu Cam Webcamsex Chat gratis<\/title>\n<meta name=\"robots\" content=\"index, follow, max-snippet:-1, max-image-preview:large, max-video-preview:-1\" \/>\n<link rel=\"canonical\" href=\"https:\/\/www.pornomeile.net\/webcam-sex\/\" \/>\n<meta property=\"og:locale\" content=\"de_DE\" \/>\n<meta property=\"og:type\" content=\"article\" \/>\n<meta property=\"og:title\" content=\"Webcam Sex | Cam zu Cam Webcamsex Chat gratis\" \/>\n<meta property=\"og:description\" content=\"camzucam.net Webcam Sex ist doch erst so richtig geil, wenn du mit dem Camgirl deiner Wahl ganz ungest\u00f6rt intim werden kannst. Mitmachen ist besser, als einfach nur beim Livesex zuschauen&#8230;\" \/>\n<meta property=\"og:url\" content=\"https:\/\/www.pornomeile.net\/webcam-sex\/\" \/>\n<meta property=\"og:site_name\" content=\"Webcam Sex\" \/>\n<meta property=\"article:modified_time\" content=\"2025-02-28T16:38:44+00:00\" \/>\n<meta property=\"og:image\" content=\"https:\/\/www.pornomeile.net\/banner\/camstart.gif\" \/>\n<meta name=\"twitter:card\" content=\"summary_large_image\" \/>\n<meta name=\"twitter:label1\" content=\"Gesch\u00e4tzte Lesezeit\" \/>\n\t<meta name=\"twitter:data1\" content=\"6\u00a0Minuten\" \/>\n<script type=\"application\/ld+json\" class=\"yoast-schema-graph\">{\"@context\":\"https:\\\/\\\/schema.org\",\"@graph\":[{\"@type\":\"WebPage\",\"@id\":\"https:\\\/\\\/www.pornomeile.net\\\/webcam-sex\\\/\",\"url\":\"https:\\\/\\\/www.pornomeile.net\\\/webcam-sex\\\/\",\"name\":\"Webcam Sex | Cam zu Cam Webcamsex Chat gratis\",\"isPartOf\":{\"@id\":\"https:\\\/\\\/www.pornomeile.net\\\/webcam-sex\\\/#website\"},\"primaryImageOfPage\":{\"@id\":\"https:\\\/\\\/www.pornomeile.net\\\/webcam-sex\\\/#primaryimage\"},\"image\":{\"@id\":\"https:\\\/\\\/www.pornomeile.net\\\/webcam-sex\\\/#primaryimage\"},\"thumbnailUrl\":\"https:\\\/\\\/www.pornomeile.net\\\/banner\\\/camstart.gif\",\"datePublished\":\"2019-03-23T09:18:01+00:00\",\"dateModified\":\"2025-02-28T16:38:44+00:00\",\"breadcrumb\":{\"@id\":\"https:\\\/\\\/www.pornomeile.net\\\/webcam-sex\\\/#breadcrumb\"},\"inLanguage\":\"de\",\"potentialAction\":[{\"@type\":\"ReadAction\",\"target\":[\"https:\\\/\\\/www.pornomeile.net\\\/webcam-sex\\\/\"]}]},{\"@type\":\"ImageObject\",\"inLanguage\":\"de\",\"@id\":\"https:\\\/\\\/www.pornomeile.net\\\/webcam-sex\\\/#primaryimage\",\"url\":\"https:\\\/\\\/www.pornomeile.net\\\/banner\\\/camstart.gif\",\"contentUrl\":\"https:\\\/\\\/www.pornomeile.net\\\/banner\\\/camstart.gif\"},{\"@type\":\"BreadcrumbList\",\"@id\":\"https:\\\/\\\/www.pornomeile.net\\\/webcam-sex\\\/#breadcrumb\",\"itemListElement\":[{\"@type\":\"ListItem\",\"position\":1,\"name\":\"Startseite\",\"item\":\"https:\\\/\\\/www.pornomeile.net\\\/webcam-sex\\\/\"},{\"@type\":\"ListItem\",\"position\":2,\"name\":\"Private Sex Webcams mit kostenlosem Zugang\"}]},{\"@type\":\"WebSite\",\"@id\":\"https:\\\/\\\/www.pornomeile.net\\\/webcam-sex\\\/#website\",\"url\":\"https:\\\/\\\/www.pornomeile.net\\\/webcam-sex\\\/\",\"name\":\"Webcam Sex\",\"description\":\"Kostenlose Webcamchat Angebote\",\"potentialAction\":[{\"@type\":\"SearchAction\",\"target\":{\"@type\":\"EntryPoint\",\"urlTemplate\":\"https:\\\/\\\/www.pornomeile.net\\\/webcam-sex\\\/?s={search_term_string}\"},\"query-input\":{\"@type\":\"PropertyValueSpecification\",\"valueRequired\":true,\"valueName\":\"search_term_string\"}}],\"inLanguage\":\"de\"}]}<\/script>\n<!-- \/ Yoast SEO plugin. -->","yoast_head_json":{"title":"Webcam Sex | Cam zu Cam Webcamsex Chat gratis","robots":{"index":"index","follow":"follow","max-snippet":"max-snippet:-1","max-image-preview":"max-image-preview:large","max-video-preview":"max-video-preview:-1"},"canonical":"https:\/\/www.pornomeile.net\/webcam-sex\/","og_locale":"de_DE","og_type":"article","og_title":"Webcam Sex | Cam zu Cam Webcamsex Chat gratis","og_description":"camzucam.net Webcam Sex ist doch erst so richtig geil, wenn du mit dem Camgirl deiner Wahl ganz ungest\u00f6rt intim werden kannst. Mitmachen ist besser, als einfach nur beim Livesex zuschauen&#8230;","og_url":"https:\/\/www.pornomeile.net\/webcam-sex\/","og_site_name":"Webcam Sex","article_modified_time":"2025-02-28T16:38:44+00:00","og_image":[{"url":"https:\/\/www.pornomeile.net\/banner\/camstart.gif","type":"","width":"","height":""}],"twitter_card":"summary_large_image","twitter_misc":{"Gesch\u00e4tzte Lesezeit":"6\u00a0Minuten"},"schema":{"@context":"https:\/\/schema.org","@graph":[{"@type":"WebPage","@id":"https:\/\/www.pornomeile.net\/webcam-sex\/","url":"https:\/\/www.pornomeile.net\/webcam-sex\/","name":"Webcam Sex | Cam zu Cam Webcamsex Chat gratis","isPartOf":{"@id":"https:\/\/www.pornomeile.net\/webcam-sex\/#website"},"primaryImageOfPage":{"@id":"https:\/\/www.pornomeile.net\/webcam-sex\/#primaryimage"},"image":{"@id":"https:\/\/www.pornomeile.net\/webcam-sex\/#primaryimage"},"thumbnailUrl":"https:\/\/www.pornomeile.net\/banner\/camstart.gif","datePublished":"2019-03-23T09:18:01+00:00","dateModified":"2025-02-28T16:38:44+00:00","breadcrumb":{"@id":"https:\/\/www.pornomeile.net\/webcam-sex\/#breadcrumb"},"inLanguage":"de","potentialAction":[{"@type":"ReadAction","target":["https:\/\/www.pornomeile.net\/webcam-sex\/"]}]},{"@type":"ImageObject","inLanguage":"de","@id":"https:\/\/www.pornomeile.net\/webcam-sex\/#primaryimage","url":"https:\/\/www.pornomeile.net\/banner\/camstart.gif","contentUrl":"https:\/\/www.pornomeile.net\/banner\/camstart.gif"},{"@type":"BreadcrumbList","@id":"https:\/\/www.pornomeile.net\/webcam-sex\/#breadcrumb","itemListElement":[{"@type":"ListItem","position":1,"name":"Startseite","item":"https:\/\/www.pornomeile.net\/webcam-sex\/"},{"@type":"ListItem","position":2,"name":"Private Sex Webcams mit kostenlosem Zugang"}]},{"@type":"WebSite","@id":"https:\/\/www.pornomeile.net\/webcam-sex\/#website","url":"https:\/\/www.pornomeile.net\/webcam-sex\/","name":"Webcam Sex","description":"Kostenlose Webcamchat Angebote","potentialAction":[{"@type":"SearchAction","target":{"@type":"EntryPoint","urlTemplate":"https:\/\/www.pornomeile.net\/webcam-sex\/?s={search_term_string}"},"query-input":{"@type":"PropertyValueSpecification","valueRequired":true,"valueName":"search_term_string"}}],"inLanguage":"de"}]}},"_links":{"self":[{"href":"https:\/\/www.pornomeile.net\/webcam-sex\/wp-json\/wp\/v2\/pages\/5","targetHints":{"allow":["GET"]}}],"collection":[{"href":"https:\/\/www.pornomeile.net\/webcam-sex\/wp-json\/wp\/v2\/pages"}],"about":[{"href":"https:\/\/www.pornomeile.net\/webcam-sex\/wp-json\/wp\/v2\/types\/page"}],"author":[{"embeddable":true,"href":"https:\/\/www.pornomeile.net\/webcam-sex\/wp-json\/wp\/v2\/users\/1"}],"replies":[{"embeddable":true,"href":"https:\/\/www.pornomeile.net\/webcam-sex\/wp-json\/wp\/v2\/comments?post=5"}],"version-history":[{"count":18,"href":"https:\/\/www.pornomeile.net\/webcam-sex\/wp-json\/wp\/v2\/pages\/5\/revisions"}],"predecessor-version":[{"id":62,"href":"https:\/\/www.pornomeile.net\/webcam-sex\/wp-json\/wp\/v2\/pages\/5\/revisions\/62"}],"wp:attachment":[{"href":"https:\/\/www.pornomeile.net\/webcam-sex\/wp-json\/wp\/v2\/media?parent=5"}],"curies":[{"name":"wp","href":"https:\/\/api.w.org\/{rel}","templated":true}]}}