{"id":5,"date":"2019-03-23T10:11:56","date_gmt":"2019-03-23T09:11:56","guid":{"rendered":"http:\/\/www.pornomeile.net\/teens\/?page_id=5"},"modified":"2025-08-09T14:03:58","modified_gmt":"2025-08-09T12:03:58","slug":"teens-ab-18","status":"publish","type":"page","link":"https:\/\/www.pornomeile.net\/teens\/","title":{"rendered":"Versaute Teen Girls &#8211; gerade erst erwachsen geworden"},"content":{"rendered":"<p><a href=\"https:\/\/www.deutscheamateure24.com\/teen-camsex\/\" target=\"_blank\" rel=\"noopener noreferrer\">deutscheamateure24.com\/teen-camsex\/<\/a><br \/>\nDeutschlands hei\u00dfeste Teen Amateur Girls ab 18 warten auf dich und deinen harten Schwanz. Alle M\u00e4dels hier sind nat\u00fcrlich \u00fcber 18 Jahre alt. gerade in ihren jungen Jahren und den Anf\u00e4ngen ihrer Sexualit\u00e4t sind sie sehr aufgeschlossen und experimentierfreudig. Wundersch\u00f6ne deutsche Sexcam Teens strippen und masturbieren live bei den privaten Sexcams und geben dir ganz tiefe und feuchte Einblicke. Du kannst mit ihnen chatten, mit ihnen flirten und sie immer dabei beobachten, was sie nackt vor der Cam Geiles treiben. Dazu gibt es au\u00dferdem tausende private Sex- und Fickvideos von scharfen Teenfrauen (18+). Also worauf wartest du noch &#8211; besuche diese Community und dir wird es in Sachen Camsex und Pornos von und mit jungen Frauen an nichts fehlen. Den Gratis Zugang bekommst du dort in wenigen Sekunden.<\/p>\n<p><a href=\"https:\/\/www.livecam-teens.com\/\" target=\"_blank\" rel=\"noopener noreferrer\">livecam-teens.com<\/a><br \/>\nErlebe aufregende Teens ab 18 in wilden Liveshows, die mit ihrer jugendlichen Energie begeistern. Im Teen Cam Chat zeigen dir die verspielten Amateurinnen ihre nat\u00fcrliche Leidenschaft und ungez\u00fcgelte Experimentierfreude. Die frechen Cam Teen Girls pr\u00e4sentieren dir ihre straffen, jungen K\u00f6rper und lassen dich an ihrer Entdeckungsreise teilhaben. Im Sexchat Teen erf\u00e4hrst du, wie neugierig und aufgeschlossen die jungen Luder sind. Die Teen Amateure begeistern mit ihrer nat\u00fcrlichen Art und ihrem jugendlichen Charme. Hier findest du verspielte Sch\u00f6nheiten, die ihre ersten erotischen Erfahrungen vor der Kamera sammeln.<\/p>\n<p><a href=\"https:\/\/www.live-teen-cams.com\/\" target=\"_blank\" rel=\"noopener noreferrer\">live-teen-cams.com<\/a><br \/>\nEntdecke charmante 18+ Teens, die mit ihrer nat\u00fcrlichen Ausstrahlung und jugendlicher Energie begeistern. Die aufgeschlossenen Cam Teens Live zeigen dir ihre unbeschwerte Art und beeindrucken mit ihrer authentischen Pers\u00f6nlichkeit. In den Chats erlebst du interessante Gespr\u00e4che und lernst die Interessen der jungen Menschen kennen. Jeder sexy Cam Teen hat seine eigene, einzigartige Geschichte zu erz\u00e4hlen. Die naturverbundenen Performer teilen ihre Hobbys, Tr\u00e4ume und Erlebnisse mit dir. Hier findest du aufrichtige Unterhaltungen und echte Verbindungen mit jungen Erwachsenen, die gerade ihren Weg ins Leben starten.<\/p>\n<div class=\"mobileadtoo\"><a href=\"https:\/\/www.pornomeile.net\/aktuell\/amateursex\/\" target=\"_blank\" rel=\"nofollow noopener noreferrer\"><img loading=\"lazy\" decoding=\"async\" src=\"https:\/\/www.pornomeile.net\/banner\/geil.jpg\" width=\"350\" height=\"250\" alt=\"Einfach geil\" \/><\/a><\/div>\n<h2>Geile versaute 18+ Teens<\/h2>\n<p>Hier findest du ein einzigartiges Angebot das es so im Internetz kein zweites Mal gibt. Auf der Webseite findest du geilen Content von deutschen Amateur Teens ab 18 in Form von einer aufregenden Teen Nackt Bilder-Sammlung, sowie der M\u00f6glichkeit dich in einer Community anzumelden und jetzt halt dich fest, wo du die sexy Teens auch noch privat kontaktieren kannst! Wenn das mal nicht der Oberhammer ist. Das wichsen auf Teenpornos und geile Teen nackt Selfies ist nun Vergangenheit. Heute schaut man sich die Nacktfotos der deutschen Muschis an und dann schreibt man die notgeilen G\u00f6ren einfach per privater Nachricht an und macht gleich ein Sextreffen mit ihnen aus. So l\u00e4uft das n\u00e4mlich im Jahre Anno 20xx nach dem Herrn, der vielleicht auch ein gro\u00dfer Liebhaber von saftigen Teeny M\u00f6sen (18+) war.<\/p>\n","protected":false},"excerpt":{"rendered":"<p>deutscheamateure24.com\/teen-camsex\/ Deutschlands hei\u00dfeste Teen Amateur Girls ab 18 warten auf dich und deinen harten Schwanz. Alle M\u00e4dels hier sind nat\u00fcrlich \u00fcber 18 Jahre alt. gerade in ihren jungen Jahren und&#8230;<\/p>\n<div class=\"more-link-wrapper\"><a class=\"more-link\" href=\"https:\/\/www.pornomeile.net\/teens\/\">Weiterlesen<span class=\"screen-reader-text\">Versaute Teen Girls &#8211; gerade erst erwachsen geworden<\/span><\/a><\/div>\n","protected":false},"author":1,"featured_media":0,"parent":0,"menu_order":0,"comment_status":"closed","ping_status":"closed","template":"","meta":{"footnotes":""},"class_list":["post-5","page","type-page","status-publish","hentry","excerpt"],"yoast_head":"<!-- This site is optimized with the Yoast SEO plugin v27.5 - https:\/\/yoast.com\/product\/yoast-seo-wordpress\/ -->\n<title>Teens ab 18 | Junge sexy Frauen in Pornos &amp; via Cam live<\/title>\n<meta name=\"robots\" content=\"index, follow, max-snippet:-1, max-image-preview:large, max-video-preview:-1\" \/>\n<link rel=\"canonical\" href=\"https:\/\/www.pornomeile.net\/teens\/\" \/>\n<meta property=\"og:locale\" content=\"de_DE\" \/>\n<meta property=\"og:type\" content=\"article\" \/>\n<meta property=\"og:title\" content=\"Teens ab 18 | Junge sexy Frauen in Pornos &amp; via Cam live\" \/>\n<meta property=\"og:description\" content=\"deutscheamateure24.com\/teen-camsex\/ Deutschlands hei\u00dfeste Teen Amateur Girls ab 18 warten auf dich und deinen harten Schwanz. Alle M\u00e4dels hier sind nat\u00fcrlich \u00fcber 18 Jahre alt. gerade in ihren jungen Jahren und&#8230;\" \/>\n<meta property=\"og:url\" content=\"https:\/\/www.pornomeile.net\/teens\/\" \/>\n<meta property=\"og:site_name\" content=\"Teens ab 18\" \/>\n<meta property=\"article:modified_time\" content=\"2025-08-09T12:03:58+00:00\" \/>\n<meta property=\"og:image\" content=\"https:\/\/www.pornomeile.net\/banner\/geil.jpg\" \/>\n<meta name=\"twitter:card\" content=\"summary_large_image\" \/>\n<meta name=\"twitter:label1\" content=\"Gesch\u00e4tzte Lesezeit\" \/>\n\t<meta name=\"twitter:data1\" content=\"2\u00a0Minuten\" \/>\n<script type=\"application\/ld+json\" class=\"yoast-schema-graph\">{\"@context\":\"https:\\\/\\\/schema.org\",\"@graph\":[{\"@type\":\"WebPage\",\"@id\":\"https:\\\/\\\/www.pornomeile.net\\\/teens\\\/\",\"url\":\"https:\\\/\\\/www.pornomeile.net\\\/teens\\\/\",\"name\":\"Teens ab 18 | Junge sexy Frauen in Pornos & via Cam live\",\"isPartOf\":{\"@id\":\"https:\\\/\\\/www.pornomeile.net\\\/teens\\\/#website\"},\"primaryImageOfPage\":{\"@id\":\"https:\\\/\\\/www.pornomeile.net\\\/teens\\\/#primaryimage\"},\"image\":{\"@id\":\"https:\\\/\\\/www.pornomeile.net\\\/teens\\\/#primaryimage\"},\"thumbnailUrl\":\"https:\\\/\\\/www.pornomeile.net\\\/banner\\\/geil.jpg\",\"datePublished\":\"2019-03-23T09:11:56+00:00\",\"dateModified\":\"2025-08-09T12:03:58+00:00\",\"breadcrumb\":{\"@id\":\"https:\\\/\\\/www.pornomeile.net\\\/teens\\\/#breadcrumb\"},\"inLanguage\":\"de\",\"potentialAction\":[{\"@type\":\"ReadAction\",\"target\":[\"https:\\\/\\\/www.pornomeile.net\\\/teens\\\/\"]}]},{\"@type\":\"ImageObject\",\"inLanguage\":\"de\",\"@id\":\"https:\\\/\\\/www.pornomeile.net\\\/teens\\\/#primaryimage\",\"url\":\"https:\\\/\\\/www.pornomeile.net\\\/banner\\\/geil.jpg\",\"contentUrl\":\"https:\\\/\\\/www.pornomeile.net\\\/banner\\\/geil.jpg\"},{\"@type\":\"BreadcrumbList\",\"@id\":\"https:\\\/\\\/www.pornomeile.net\\\/teens\\\/#breadcrumb\",\"itemListElement\":[{\"@type\":\"ListItem\",\"position\":1,\"name\":\"Startseite\",\"item\":\"https:\\\/\\\/www.pornomeile.net\\\/teens\\\/\"},{\"@type\":\"ListItem\",\"position\":2,\"name\":\"Versaute Teen Girls &#8211; gerade erst erwachsen geworden\"}]},{\"@type\":\"WebSite\",\"@id\":\"https:\\\/\\\/www.pornomeile.net\\\/teens\\\/#website\",\"url\":\"https:\\\/\\\/www.pornomeile.net\\\/teens\\\/\",\"name\":\"Teens ab 18\",\"description\":\"Sexy M\u00e4dels gerade vollj\u00e4hrig\",\"potentialAction\":[{\"@type\":\"SearchAction\",\"target\":{\"@type\":\"EntryPoint\",\"urlTemplate\":\"https:\\\/\\\/www.pornomeile.net\\\/teens\\\/?s={search_term_string}\"},\"query-input\":{\"@type\":\"PropertyValueSpecification\",\"valueRequired\":true,\"valueName\":\"search_term_string\"}}],\"inLanguage\":\"de\"}]}<\/script>\n<!-- \/ Yoast SEO plugin. -->","yoast_head_json":{"title":"Teens ab 18 | Junge sexy Frauen in Pornos & via Cam live","robots":{"index":"index","follow":"follow","max-snippet":"max-snippet:-1","max-image-preview":"max-image-preview:large","max-video-preview":"max-video-preview:-1"},"canonical":"https:\/\/www.pornomeile.net\/teens\/","og_locale":"de_DE","og_type":"article","og_title":"Teens ab 18 | Junge sexy Frauen in Pornos & via Cam live","og_description":"deutscheamateure24.com\/teen-camsex\/ Deutschlands hei\u00dfeste Teen Amateur Girls ab 18 warten auf dich und deinen harten Schwanz. Alle M\u00e4dels hier sind nat\u00fcrlich \u00fcber 18 Jahre alt. gerade in ihren jungen Jahren und&#8230;","og_url":"https:\/\/www.pornomeile.net\/teens\/","og_site_name":"Teens ab 18","article_modified_time":"2025-08-09T12:03:58+00:00","og_image":[{"url":"https:\/\/www.pornomeile.net\/banner\/geil.jpg","type":"","width":"","height":""}],"twitter_card":"summary_large_image","twitter_misc":{"Gesch\u00e4tzte Lesezeit":"2\u00a0Minuten"},"schema":{"@context":"https:\/\/schema.org","@graph":[{"@type":"WebPage","@id":"https:\/\/www.pornomeile.net\/teens\/","url":"https:\/\/www.pornomeile.net\/teens\/","name":"Teens ab 18 | Junge sexy Frauen in Pornos & via Cam live","isPartOf":{"@id":"https:\/\/www.pornomeile.net\/teens\/#website"},"primaryImageOfPage":{"@id":"https:\/\/www.pornomeile.net\/teens\/#primaryimage"},"image":{"@id":"https:\/\/www.pornomeile.net\/teens\/#primaryimage"},"thumbnailUrl":"https:\/\/www.pornomeile.net\/banner\/geil.jpg","datePublished":"2019-03-23T09:11:56+00:00","dateModified":"2025-08-09T12:03:58+00:00","breadcrumb":{"@id":"https:\/\/www.pornomeile.net\/teens\/#breadcrumb"},"inLanguage":"de","potentialAction":[{"@type":"ReadAction","target":["https:\/\/www.pornomeile.net\/teens\/"]}]},{"@type":"ImageObject","inLanguage":"de","@id":"https:\/\/www.pornomeile.net\/teens\/#primaryimage","url":"https:\/\/www.pornomeile.net\/banner\/geil.jpg","contentUrl":"https:\/\/www.pornomeile.net\/banner\/geil.jpg"},{"@type":"BreadcrumbList","@id":"https:\/\/www.pornomeile.net\/teens\/#breadcrumb","itemListElement":[{"@type":"ListItem","position":1,"name":"Startseite","item":"https:\/\/www.pornomeile.net\/teens\/"},{"@type":"ListItem","position":2,"name":"Versaute Teen Girls &#8211; gerade erst erwachsen geworden"}]},{"@type":"WebSite","@id":"https:\/\/www.pornomeile.net\/teens\/#website","url":"https:\/\/www.pornomeile.net\/teens\/","name":"Teens ab 18","description":"Sexy M\u00e4dels gerade vollj\u00e4hrig","potentialAction":[{"@type":"SearchAction","target":{"@type":"EntryPoint","urlTemplate":"https:\/\/www.pornomeile.net\/teens\/?s={search_term_string}"},"query-input":{"@type":"PropertyValueSpecification","valueRequired":true,"valueName":"search_term_string"}}],"inLanguage":"de"}]}},"_links":{"self":[{"href":"https:\/\/www.pornomeile.net\/teens\/wp-json\/wp\/v2\/pages\/5","targetHints":{"allow":["GET"]}}],"collection":[{"href":"https:\/\/www.pornomeile.net\/teens\/wp-json\/wp\/v2\/pages"}],"about":[{"href":"https:\/\/www.pornomeile.net\/teens\/wp-json\/wp\/v2\/types\/page"}],"author":[{"embeddable":true,"href":"https:\/\/www.pornomeile.net\/teens\/wp-json\/wp\/v2\/users\/1"}],"replies":[{"embeddable":true,"href":"https:\/\/www.pornomeile.net\/teens\/wp-json\/wp\/v2\/comments?post=5"}],"version-history":[{"count":15,"href":"https:\/\/www.pornomeile.net\/teens\/wp-json\/wp\/v2\/pages\/5\/revisions"}],"predecessor-version":[{"id":53,"href":"https:\/\/www.pornomeile.net\/teens\/wp-json\/wp\/v2\/pages\/5\/revisions\/53"}],"wp:attachment":[{"href":"https:\/\/www.pornomeile.net\/teens\/wp-json\/wp\/v2\/media?parent=5"}],"curies":[{"name":"wp","href":"https:\/\/api.w.org\/{rel}","templated":true}]}}