{"id":5,"date":"2019-03-23T10:07:30","date_gmt":"2019-03-23T09:07:30","guid":{"rendered":"http:\/\/www.pornomeile.net\/sex-frauen\/?page_id=5"},"modified":"2025-02-28T17:10:28","modified_gmt":"2025-02-28T16:10:28","slug":"sex-frauen","status":"publish","type":"page","link":"https:\/\/www.pornomeile.net\/sex-frauen\/","title":{"rendered":"Sch\u00f6ne deutsche Frauen f\u00fcr Camsex und reale Ficktreffen"},"content":{"rendered":"<p><a href=\"https:\/\/www.sexcommunity24.com\/\" target=\"_blank\" rel=\"noopener noreferrer\">sexcommunity24.com<\/a><br \/>\nAufgepasst ihr M\u00e4nner &#8211; hier herrscht Frauen\u00fcberschuss! Ganz egal, wonach du suchst in Sachen Sex mit geilen Frauen, du wirst es hier in der Sex Community garantiert finden. Mit der kostenlosen Mitgliedschaft kannst du sofort eintauchen in die geile Welt der Erotik und Pornografie. Au\u00dferdem kannst du jederzeit mit den Girls in der Gemeinde chatten. Dazu kannst du einfach den integrierten Sex-Messenger nutzen, der dir praktischerweise auch direkt anzeigt, wer gerade online ist. Zu jeder Tages- und Nachtzeit kannst du so Fotos mit einer Frau austauschen, sie privat anschreiben und geheime Sextreffen ganz ungest\u00f6rt mit ihr verabreden. Probiere es gratis aus.<\/p>\n<p><a href=\"https:\/\/www.sextreffenkostenlos.com\/\" target=\"_blank\" rel=\"noopener noreferrer\">sextreffenkostenlos.com<\/a><br \/>\nHeute ist es nicht so einfach, Sextreffen in freier Wildbahn verabreden zu k\u00f6nnen. Da bietet sich doch eine gute Sex Community an, wo man auf fickwillige Frauen trifft, die auf der Suche nach Sextreffen sind. Wir wollen dir hier dieses Portal empfehlen, wo du dich kostenfrei registrieren und am Kontaktmarkt teilnehmen kannst. Nimm Kontakt zu kontaktsuchenden Damen jedes Alters aus deiner N\u00e4he auf und triff dich mit ihnen zu diskreten Sex Treffen. Gleich loslegen und heute noch mit fremden Frauen ficken.<\/p>\n<div class=\"mobileadtoo\"><a href=\"https:\/\/www.pornomeile.net\/aktuell\/community\/\" target=\"_blank\" rel=\"nofollow noopener noreferrer\"><img loading=\"lazy\" decoding=\"async\" src=\"https:\/\/www.pornomeile.net\/banner\/bock.gif\" width=\"350\" height=\"250\" alt=\"finde Sexdates\" \/><\/a><\/div>\n<p><a href=\"https:\/\/www.frauen-cam2cam.com\/\" target=\"_blank\" rel=\"noopener noreferrer\">frauen-cam2cam.com<\/a><br \/>\nBeim Cam Sex mit einer geilen Frau schon einmal ganz ungest\u00f6rt und allein mit ihr gewesen? Wenn du wei\u00dft, wie geil Cam2Cam Livesex mit Frauen ist, dann kennst du dich ja bereits aus. Falls nicht, wollen wir dir diese Seite hier w\u00e4rmstens empfehlen! Der absolute Hammer ist, dass du bei diesem Portal neben der kostenfreien Mitgliedschaft auch noch grandiose 50 Euro geschenkt bekommst, wenn du dich anmeldest. Besuche die Seite mit den geilsten Livecam Frauen Deutschlands und halte Ausschau nach dem Button, der dich zu dem 50 \u20ac Live Cam Strip Guthaben f\u00fchrt. Und dann nimm deinen Schwanz in die Hand und ab geht es in den Gratischat mit sexy Schnitten, die dich zum Abwichsen bringen werden.<\/p>\n<p><a href=\"https:\/\/www.sexpartnercommunity.ch\/\" target=\"_blank\" rel=\"noopener noreferrer\">sexpartnercommunity.ch<\/a><br \/>\nDu kommst aus der Schweiz oder reist oft dorthin und suchst nach Gelegenheitssex? Dann schau dir unbedingt mal diese Schweizer Sexpartner Community an. Sie ist kostenlos und hilft dir dabei, Frauen in deiner Stadt kennenzulernen. Du kannst gezielt nach Frauen in Z\u00fcrich oder beispielsweise in Basel oder St. Gallen suchen. Dich erwarten hier private Sexkontakte mit hei\u00dfen Schnitten und willigen Milfs, die nur auf der Suche nach dreckigem Sex sind. Viele von ihnen sind verheiratet und suchen im Schweizer- und im \u00d6sterreicher Raum nach Ficktreffen und einem Seitensprung.<\/p>\n<p><a href=\"https:\/\/www.sexpartner-club.com\/\" target=\"_blank\" rel=\"noopener noreferrer\">sexpartner-club.com<\/a><br \/>\nSexpartner findet man heute viel schneller online. Man muss gar nicht mehr in Kneipen oder Discos gehen, um m\u00fchsam einen Korb nach dem anderen einzusammeln. Probiere es doch einfach mal im exklusiven Sex Partner Club! Das kostet nichts und ist v\u00f6llig unverbindlich. W\u00e4hrend du mit einer geilen Frau ganz privat im Messenger chattest, kannst du dir vielleicht sogar in paar private Pornos von ihr reinziehen. In diesem exklusiven Club ist einfach alles m\u00f6glich. Umsonst Reinschauen und eine geile Sexpartnerin f\u00fcr einen ONS oder eine Fickbeziehung finden &#8211; einfacher geht`s nicht!<\/p>\n<div class=\"mobilead\"><a href=\"https:\/\/www.pornomeile.net\/aktuell\/sexdates\/\" target=\"_blank\" rel=\"nofollow noopener noreferrer\"><img decoding=\"async\" src=\"\/banner\/sexdates-300x250.gif\" alt=\"Sex mit Frauen\" \/><\/a><\/div>\n<p><a href=\"https:\/\/www.milf-sexcams.net\/\" target=\"_blank\" rel=\"noopener noreferrer\">milf-sexcams.net<\/a><br \/>\nJetzt aber schnell zu den geilen privaten MILF Cams, wo versaute und triefnasse deutsche Frauen geilen Sex vor der Livecam haben. Du kannst ihnen im Sexchat direkt mitteilen, was du gerne sehen m\u00f6chtest und dabei richtig geil abspritzen. Au\u00dferdem wartet dort ein Geschenk auf dich &#8211; es warten n\u00e4mlich 10 Euro Gratisguthaben, das du direkt einl\u00f6sen kannst. Flirte mit einer Hausfrau und frage sie doch mal, ob sie Lust auf ein Fickdate hat. Hier ist alles m\u00f6glich, du brauchst nur den kostenlosen Zugang.<\/p>\n<p><a href=\"https:\/\/www.sexdating18.com\/\" target=\"_blank\" rel=\"noopener noreferrer\">sexdating18.com<\/a><br \/>\nWill man gratis Sexdates verabreden, ohne dass man das Haus verlassen m\u00f6chte oder von unterwegs aus bequem Frauen kennenlernen, dann braucht man nur die richtige Plattform. Dieses moderne Sex Dating Portal bietet alle M\u00f6glichkeiten der diskreten Kontaktaufnahme. Dort sind jeden Tag sehr viele Frauen unterwegs, die nach Sex Kontakten suchen. Man kann dort kostenlos Mitglied werden und kann sich dann die vielen geilen Features zu Nutze machen, um schnell mit einer Frau in Kontakt zu treten und sich mit ihr zu privaten Sex Treffen verabreden.<\/p>\n<p><a href=\"https:\/\/www.parkplatz-fick.com\/\" target=\"_blank\" rel=\"noopener noreferrer\">parkplatz-fick.com<\/a><br \/>\nBeobachtest du fremde Frauen und Paare als Voyeur gerne beim Sex in der \u00d6ffentlichkeit oder m\u00f6chtest aktiv mitmachen? Dann schaue dir doch mal dieses exklusive Sex-Angebot aus Deutschland an. Hier kannst du echten Parkplatzsex live miterleben &#8211; sowohl aktiv, als auch passiv. Exklusive Treffunkte mit Angabe von Zeit und Ort findest du in dieser geilen Datenbank f\u00fcr Rastplatzsex auf deutschen Autobahnen. Auch kannst du die Frauen direkt in der Community kontaktieren. So erf\u00e4hrst du, wann sie als N\u00e4chstes wo anzutreffen sind.<\/p>\n<p><a href=\"https:\/\/www.poppen24.net\/\" target=\"_blank\" rel=\"noopener noreferrer\">poppen24.net<\/a><br \/>\nPoppe ab heute regelm\u00e4\u00dfig geile Frauen in der Stadt, in der du dich gerade aufh\u00e4ltst! Mit dieser Community ist er dir ab jetzt m\u00f6glich, 24\/7 Kontakt mit fickwilligen Frauen aufzunehmen, die alle nur poppen wollen. Und das Geile ist, du brauchst dazu nur einen kostenlosen Zugang. Ab jetzt sind Apps wie Tinder, iDates oder Lovoo \u00fcberfl\u00fcssig f\u00fcr dich. Denn mit nur einem Gratisaccount kannst du hier jederzeit und von \u00fcberall mit jedem Ger\u00e4t geile Schnitten zum Ficken finden und dich mit ihnen live verabreden.<\/p>\n<p><a href=\"https:\/\/www.sexpartner-finden.net\/\" target=\"_blank\" rel=\"noopener noreferrer\">sexpartner-finden.net<\/a><br \/>\nWas du brauchst, das ist ein richtig geiler Fick! Und wir wollen dir daher diese geile Plattform f\u00fcr sexkontakte im deutschsprachigen Raum vorstellen. Hier kannst du ohne Ende Frauen f\u00fcr Sexdates klarmachen. Das geht ganz einfach: Besuche die Webseite und lege dir dort einen kostenlosen Zugang an. Danach kannst du &#8211; sofern du das m\u00f6chtest &#8211; dein eigenes Datingprofil mit einem Bild anlegen. Das steigert deine Chancen auf schnellen Sex. Oder aber du suchst in der riesigen Datenbank nach Sexpartnern in deiner Umgebung.<\/p>\n<div class=\"mobileadtoo\"><a href=\"https:\/\/www.pornomeile.net\/aktuell\/community\/\" target=\"_blank\" rel=\"nofollow noopener noreferrer\"><img loading=\"lazy\" decoding=\"async\" src=\"https:\/\/www.pornomeile.net\/banner\/blink.gif\" width=\"350\" height=\"250\" alt=\"zur Amateurcommunity\" \/><\/a><\/div>\n<p><a href=\"https:\/\/www.datingcommunity24.com\/\" target=\"_blank\" rel=\"noopener noreferrer\">datingcommunity24.com<\/a><br \/>\nHier wollen wir euch eine geile Sex Dating Community vorstellen, die keine W\u00fcnsche offenl\u00e4sst. Dort kann man sich direkt nach der kostenfreien Registrierung sein eigenes Sexdatingprofil anlegen und wird damit auch direkt von anderen Mitgliedern gefunden. Au\u00dferdem kann man auch direkt mit Frauen in Kontakt treten. Das geht entweder im privaten 1:1 Erotikchat, im Livecam Chat oder via des privaten Nachrichtensystemes. Man ist dort so ziemlich anonym unterwegs und kann sich voll und ganz darauf konzentrieren, Fickkontakte zu verabreden.<\/p>\n<p><a href=\"https:\/\/www.sextreff-kostenlos.com\/\" target=\"_blank\" rel=\"noopener noreferrer\">sextreff-kostenlos.com<\/a><br \/>\nEndlich kostenlos mal wieder eine wegstecken? Sex mit unterschiedlichen Sexpartnerinnen ist doch der Traum eines jeden Mannes! Besuche doch mal dieses informative Blog mit Tipps und Tricks, wie du vielleicht heute noch mit mehreren Frauen ficken kannst. Die Verabredung zu einem Sextreff ist dort kostenlos und du kannst direkt zur Sache kommen. Lass deinen erotischen Fantasien freien Lauf und finde gleichgesinnte Frauen, die auf der Suche nach einem Fickdate sind. Aber lass sie nicht allzu lange warten, hier geht es flott zu.<\/p>\n<h2>Sofort Sex Kontakte mit Frauen verabreden<\/h2>\n<p>Mal wieder richtig geil poppen mit willigen Frauen die einfach nur ganz unkomplizierten Sex suchen. Das ist der Wunsch vieler M\u00e4nner und das nat\u00fcrlichste Verlangen der Welt. Wenn man einen Sexkontakt verabreden m\u00f6chte, braucht man nat\u00fcrlich die richtige Quelle, wo man auch schnell zu seinem Fick kommt. Auf diesem Portal gibt es viele M\u00f6glichkeiten, mit Frauen in Kontakt zu treten und sich mit ihnen zu zwanglosen Sextreffen zu verabreden. Ganz private und kostenlose Sexkontakte findet man hier binnen weniger Minuten, wenn man es richtig anstellt. Aber in diesem Sexportal gibt es noch viel mehr zu entdecken. Wenn du die Seite also noch nicht kennst, klicke sie mal an und schau dich um. Du wirst sofort Sex Kontakte mit Frauen aus Deutschland verabreden k\u00f6nnen.<\/p>\n","protected":false},"excerpt":{"rendered":"<p>sexcommunity24.com Aufgepasst ihr M\u00e4nner &#8211; hier herrscht Frauen\u00fcberschuss! Ganz egal, wonach du suchst in Sachen Sex mit geilen Frauen, du wirst es hier in der Sex Community garantiert finden. Mit&#8230;<\/p>\n<div class=\"more-link-wrapper\"><a class=\"more-link\" href=\"https:\/\/www.pornomeile.net\/sex-frauen\/\">Weiterlesen<span class=\"screen-reader-text\">Sch\u00f6ne deutsche Frauen f\u00fcr Camsex und reale Ficktreffen<\/span><\/a><\/div>\n","protected":false},"author":1,"featured_media":0,"parent":0,"menu_order":0,"comment_status":"closed","ping_status":"closed","template":"","meta":{"footnotes":""},"class_list":["post-5","page","type-page","status-publish","hentry","excerpt"],"yoast_head":"<!-- This site is optimized with the Yoast SEO plugin v27.4 - https:\/\/yoast.com\/product\/yoast-seo-wordpress\/ -->\n<title>Sex Frauen | sexy Girls live und f\u00fcr Sexdates<\/title>\n<meta name=\"robots\" content=\"index, follow, max-snippet:-1, max-image-preview:large, max-video-preview:-1\" \/>\n<link rel=\"canonical\" href=\"https:\/\/www.pornomeile.net\/sex-frauen\/\" \/>\n<meta property=\"og:locale\" content=\"de_DE\" \/>\n<meta property=\"og:type\" content=\"article\" \/>\n<meta property=\"og:title\" content=\"Sex Frauen | sexy Girls live und f\u00fcr Sexdates\" \/>\n<meta property=\"og:description\" content=\"sexcommunity24.com Aufgepasst ihr M\u00e4nner &#8211; hier herrscht Frauen\u00fcberschuss! Ganz egal, wonach du suchst in Sachen Sex mit geilen Frauen, du wirst es hier in der Sex Community garantiert finden. Mit&#8230;\" \/>\n<meta property=\"og:url\" content=\"https:\/\/www.pornomeile.net\/sex-frauen\/\" \/>\n<meta property=\"og:site_name\" content=\"Sex Frauen\" \/>\n<meta property=\"article:modified_time\" content=\"2025-02-28T16:10:28+00:00\" \/>\n<meta property=\"og:image\" content=\"https:\/\/www.pornomeile.net\/banner\/bock.gif\" \/>\n<meta name=\"twitter:card\" content=\"summary_large_image\" \/>\n<meta name=\"twitter:label1\" content=\"Gesch\u00e4tzte Lesezeit\" \/>\n\t<meta name=\"twitter:data1\" content=\"8\u00a0Minuten\" \/>\n<script type=\"application\/ld+json\" class=\"yoast-schema-graph\">{\"@context\":\"https:\\\/\\\/schema.org\",\"@graph\":[{\"@type\":\"WebPage\",\"@id\":\"https:\\\/\\\/www.pornomeile.net\\\/sex-frauen\\\/\",\"url\":\"https:\\\/\\\/www.pornomeile.net\\\/sex-frauen\\\/\",\"name\":\"Sex Frauen | sexy Girls live und f\u00fcr Sexdates\",\"isPartOf\":{\"@id\":\"https:\\\/\\\/www.pornomeile.net\\\/sex-frauen\\\/#website\"},\"primaryImageOfPage\":{\"@id\":\"https:\\\/\\\/www.pornomeile.net\\\/sex-frauen\\\/#primaryimage\"},\"image\":{\"@id\":\"https:\\\/\\\/www.pornomeile.net\\\/sex-frauen\\\/#primaryimage\"},\"thumbnailUrl\":\"https:\\\/\\\/www.pornomeile.net\\\/banner\\\/bock.gif\",\"datePublished\":\"2019-03-23T09:07:30+00:00\",\"dateModified\":\"2025-02-28T16:10:28+00:00\",\"breadcrumb\":{\"@id\":\"https:\\\/\\\/www.pornomeile.net\\\/sex-frauen\\\/#breadcrumb\"},\"inLanguage\":\"de\",\"potentialAction\":[{\"@type\":\"ReadAction\",\"target\":[\"https:\\\/\\\/www.pornomeile.net\\\/sex-frauen\\\/\"]}]},{\"@type\":\"ImageObject\",\"inLanguage\":\"de\",\"@id\":\"https:\\\/\\\/www.pornomeile.net\\\/sex-frauen\\\/#primaryimage\",\"url\":\"https:\\\/\\\/www.pornomeile.net\\\/banner\\\/bock.gif\",\"contentUrl\":\"https:\\\/\\\/www.pornomeile.net\\\/banner\\\/bock.gif\"},{\"@type\":\"BreadcrumbList\",\"@id\":\"https:\\\/\\\/www.pornomeile.net\\\/sex-frauen\\\/#breadcrumb\",\"itemListElement\":[{\"@type\":\"ListItem\",\"position\":1,\"name\":\"Startseite\",\"item\":\"https:\\\/\\\/www.pornomeile.net\\\/sex-frauen\\\/\"},{\"@type\":\"ListItem\",\"position\":2,\"name\":\"Sch\u00f6ne deutsche Frauen f\u00fcr Camsex und reale Ficktreffen\"}]},{\"@type\":\"WebSite\",\"@id\":\"https:\\\/\\\/www.pornomeile.net\\\/sex-frauen\\\/#website\",\"url\":\"https:\\\/\\\/www.pornomeile.net\\\/sex-frauen\\\/\",\"name\":\"Sex Frauen\",\"description\":\"Alles zum Thema geile Frauen\",\"potentialAction\":[{\"@type\":\"SearchAction\",\"target\":{\"@type\":\"EntryPoint\",\"urlTemplate\":\"https:\\\/\\\/www.pornomeile.net\\\/sex-frauen\\\/?s={search_term_string}\"},\"query-input\":{\"@type\":\"PropertyValueSpecification\",\"valueRequired\":true,\"valueName\":\"search_term_string\"}}],\"inLanguage\":\"de\"}]}<\/script>\n<!-- \/ Yoast SEO plugin. -->","yoast_head_json":{"title":"Sex Frauen | sexy Girls live und f\u00fcr Sexdates","robots":{"index":"index","follow":"follow","max-snippet":"max-snippet:-1","max-image-preview":"max-image-preview:large","max-video-preview":"max-video-preview:-1"},"canonical":"https:\/\/www.pornomeile.net\/sex-frauen\/","og_locale":"de_DE","og_type":"article","og_title":"Sex Frauen | sexy Girls live und f\u00fcr Sexdates","og_description":"sexcommunity24.com Aufgepasst ihr M\u00e4nner &#8211; hier herrscht Frauen\u00fcberschuss! Ganz egal, wonach du suchst in Sachen Sex mit geilen Frauen, du wirst es hier in der Sex Community garantiert finden. Mit&#8230;","og_url":"https:\/\/www.pornomeile.net\/sex-frauen\/","og_site_name":"Sex Frauen","article_modified_time":"2025-02-28T16:10:28+00:00","og_image":[{"url":"https:\/\/www.pornomeile.net\/banner\/bock.gif","type":"","width":"","height":""}],"twitter_card":"summary_large_image","twitter_misc":{"Gesch\u00e4tzte Lesezeit":"8\u00a0Minuten"},"schema":{"@context":"https:\/\/schema.org","@graph":[{"@type":"WebPage","@id":"https:\/\/www.pornomeile.net\/sex-frauen\/","url":"https:\/\/www.pornomeile.net\/sex-frauen\/","name":"Sex Frauen | sexy Girls live und f\u00fcr Sexdates","isPartOf":{"@id":"https:\/\/www.pornomeile.net\/sex-frauen\/#website"},"primaryImageOfPage":{"@id":"https:\/\/www.pornomeile.net\/sex-frauen\/#primaryimage"},"image":{"@id":"https:\/\/www.pornomeile.net\/sex-frauen\/#primaryimage"},"thumbnailUrl":"https:\/\/www.pornomeile.net\/banner\/bock.gif","datePublished":"2019-03-23T09:07:30+00:00","dateModified":"2025-02-28T16:10:28+00:00","breadcrumb":{"@id":"https:\/\/www.pornomeile.net\/sex-frauen\/#breadcrumb"},"inLanguage":"de","potentialAction":[{"@type":"ReadAction","target":["https:\/\/www.pornomeile.net\/sex-frauen\/"]}]},{"@type":"ImageObject","inLanguage":"de","@id":"https:\/\/www.pornomeile.net\/sex-frauen\/#primaryimage","url":"https:\/\/www.pornomeile.net\/banner\/bock.gif","contentUrl":"https:\/\/www.pornomeile.net\/banner\/bock.gif"},{"@type":"BreadcrumbList","@id":"https:\/\/www.pornomeile.net\/sex-frauen\/#breadcrumb","itemListElement":[{"@type":"ListItem","position":1,"name":"Startseite","item":"https:\/\/www.pornomeile.net\/sex-frauen\/"},{"@type":"ListItem","position":2,"name":"Sch\u00f6ne deutsche Frauen f\u00fcr Camsex und reale Ficktreffen"}]},{"@type":"WebSite","@id":"https:\/\/www.pornomeile.net\/sex-frauen\/#website","url":"https:\/\/www.pornomeile.net\/sex-frauen\/","name":"Sex Frauen","description":"Alles zum Thema geile Frauen","potentialAction":[{"@type":"SearchAction","target":{"@type":"EntryPoint","urlTemplate":"https:\/\/www.pornomeile.net\/sex-frauen\/?s={search_term_string}"},"query-input":{"@type":"PropertyValueSpecification","valueRequired":true,"valueName":"search_term_string"}}],"inLanguage":"de"}]}},"_links":{"self":[{"href":"https:\/\/www.pornomeile.net\/sex-frauen\/wp-json\/wp\/v2\/pages\/5","targetHints":{"allow":["GET"]}}],"collection":[{"href":"https:\/\/www.pornomeile.net\/sex-frauen\/wp-json\/wp\/v2\/pages"}],"about":[{"href":"https:\/\/www.pornomeile.net\/sex-frauen\/wp-json\/wp\/v2\/types\/page"}],"author":[{"embeddable":true,"href":"https:\/\/www.pornomeile.net\/sex-frauen\/wp-json\/wp\/v2\/users\/1"}],"replies":[{"embeddable":true,"href":"https:\/\/www.pornomeile.net\/sex-frauen\/wp-json\/wp\/v2\/comments?post=5"}],"version-history":[{"count":31,"href":"https:\/\/www.pornomeile.net\/sex-frauen\/wp-json\/wp\/v2\/pages\/5\/revisions"}],"predecessor-version":[{"id":74,"href":"https:\/\/www.pornomeile.net\/sex-frauen\/wp-json\/wp\/v2\/pages\/5\/revisions\/74"}],"wp:attachment":[{"href":"https:\/\/www.pornomeile.net\/sex-frauen\/wp-json\/wp\/v2\/media?parent=5"}],"curies":[{"name":"wp","href":"https:\/\/api.w.org\/{rel}","templated":true}]}}