{"id":5,"date":"2019-03-23T10:03:42","date_gmt":"2019-03-23T09:03:42","guid":{"rendered":"http:\/\/www.pornomeile.net\/sex-chat\/?page_id=5"},"modified":"2025-08-09T14:10:16","modified_gmt":"2025-08-09T12:10:16","slug":"sex-chat","status":"publish","type":"page","link":"https:\/\/www.pornomeile.net\/sex-chat\/","title":{"rendered":"Livechat Portale f\u00fcr interaktiven Livesex"},"content":{"rendered":"<p><a href=\"https:\/\/www.sexchat.pink\/\" target=\"_blank\" rel=\"noopener noreferrer\">sexchat.pink<\/a><br \/>\nPinke Muschis geiler junger Stripgirls live im privaten Sex Chat anschauen. Bei diesem modernen Sexchat Portal handelt es sich um eine gro\u00dfe Community mit tausenden Sexchat Girls, die nur darauf warten, es dir bei einer gemeinsamen Cam2Cam Livesex Session so richtig heftig zu besorgen. Willst auch du kostenlos Teil dieser Community werden, um jederzeit und von \u00fcberall aus mit scharfen Frauen chatten zu k\u00f6nnen? Dann besuche diese Webseite und registriere dich kostenlos. Du bekommst dort sogar 10 Euro geschenkt, um den Camchat erst einmal gratis ausprobieren zu k\u00f6nnen. Lass die M\u00e4dels nicht allzu lange warten, sie sind schon ganz feucht zwischen den Schenkeln und k\u00f6nnen es kaum abwarten, deinen harten Pr\u00fcgel live in voller Pracht zu sehen.<\/p>\n<p><a href=\"https:\/\/www.sexchat-gutschein.com\/\" target=\"_blank\" rel=\"noopener noreferrer\">sexchat-gutschein.com<\/a><br \/>\nHier haben wir wieder ein Hammer Angebot f\u00fcr euch: Auf dieser Seite gibt es einen 15 Euro Gutschein f\u00fcr den Cam2Cam Sexchat mit scharfen Frauen. Dort kann man sich ganz einfach den Gutschein Code schnappen und ihn eingeben, bevor man die Chat-Community f\u00fcr Erwachsene betritt. Es ist also ganz einfach, mit diesem Sex Chat Gutschein bares Geld zu sparen! Denn die Frei Minuten werden sofort gutgeschrieben. Sobald man die Community betreten hat, sucht man sich einfach ein geiles Camgirl aus und verbringt mit den 15 \u20ac eine geile Zeit im gratis Cam zu Cam Livechat. Jetzt Seite besuchen und gratis wichsen!<\/p>\n<div class=\"mobileadtoo\"><a href=\"https:\/\/www.pornomeile.net\/aktuell\/cams\/\" target=\"_blank\" rel=\"nofollow noopener noreferrer\"><img loading=\"lazy\" decoding=\"async\" src=\"https:\/\/www.pornomeile.net\/banner\/camtini.gif\" width=\"350\" height=\"250\" alt=\"Amateur Cams\" \/><\/a><\/div>\n<p><a href=\"https:\/\/www.sexchat-cam2cam.com\/\" target=\"_blank\" rel=\"noopener noreferrer\">sexchat-cam2cam.com<\/a><br \/>\nHier wirst du sofort richtig geil aufbl\u00fchen und abgehen: Der private Cam2Cam Sexchat auf dieser Seite wird dir garantiert gefallen. Denn damit kannst du ganz intim mit einem Amateur Camgirl zusammen wichsen und abspritzen. Integriert ist auf diesem Portal auch ein ganz privater 1:1 Sex Messenger. Diesen kannst du als Mitglied (kostenlose Mitgliedschaft) auch sofort ausprobieren. Tausende Frauen, davon hunderte zu jeder Tageszeit gleichzeitig online, erwarten dich hier!<\/p>\n<p><a href=\"https:\/\/www.erotik-chatten.com\/\" target=\"_blank\" rel=\"noopener noreferrer\">erotik-chatten.com<\/a><br \/>\nTauche ein in die Welt des Erotikchat und erlebe verf\u00fchrerische Amateure, die dich mit ihrer erotischen Ausstrahlung verzaubern. Erotik chatten wird hier zum sinnlichen Erlebnis &#8211; die aufregenden Ladies verstehen es, dich gekonnt zu verf\u00fchren. Starte mit Erotische Chats umsonst und lass dich von der prickelnden Atmosph\u00e4re mitrei\u00dfen. Im Camchat Erotik zeigen dir die sinnlichen Performer ihre verf\u00fchrerische Seite und nehmen sich Zeit f\u00fcr deine intimsten Fantasien. Die authentischen Amateure bieten dir eine perfekte Mischung aus erotischer Spannung und ungez\u00fcgelter Leidenschaft, ganz nach deinen Vorstellungen.<\/p>\n<p><a href=\"https:\/\/www.livesexchat24.net\/\" target=\"_blank\" rel=\"noopener noreferrer\">livesexchat24.net<\/a><br \/>\nPrivater deutscher Live Sex Chat Blog. Hier kannst du dich informieren, wo es den besten Livecamsex f\u00fcr wenig Geld gibt. Chatte mit jungen Amateurgirls rund um die Uhr und lass dich von ihnen verw\u00f6hnen. Die Camsex Angebote sind genau auf deine Bed\u00fcrfnisse abgestimmt, du musst nur die richtige Wahl treffen, Bist du erst mal mit einem hei\u00dfen Cam Girl im Sex Chat zu Gange, wird es f\u00fcr dich kein Halten mehr geben. Du kannst so wild abspritzen, wie du willst. Das Livegirl freut sich \u00fcbrigens, wenn es dir beim Wichsen zuschauen darf. Auch das ist dort im Cam2Cam Sex Chat m\u00f6glich.<\/p>\n<div class=\"mobilead\"><a href=\"https:\/\/www.pornomeile.net\/aktuell\/sexchat\/\" target=\"_blank\" rel=\"nofollow noopener noreferrer\"><img decoding=\"async\" src=\"\/banner\/sexchat-300x250.gif\" alt=\"Sexchat mit Girls\" \/><\/a><\/div>\n<p><a href=\"https:\/\/www.deutsche-camgirls.com\/\" target=\"_blank\" rel=\"noopener noreferrer\">deutsche-camgirls.com<\/a><br \/>\nDu willst es richtig hart und versaut im Webcamchat mit hei\u00dfen deutschen Camgirls treiben? Dann besuche doch mal dieses Portal, auf dem dich ausschlie\u00dflich deutschsprachige Livegirls im Sex Chat erwarten. Dort bekommst du Freecoins zur Nutzung einer privaten Sexcam. Und au\u00dferdem kannst du dir einen Account ganz umsonst anlegen. Flirte, chatte und wichse mit einem Camgirl im 1:1 Sexchat und lasse dir die Sinne rauben, bis es aus dir hinausspritzt.<\/p>\n<p><a href=\"https:\/\/www.sex-livechat.com\/\" target=\"_blank\" rel=\"noopener noreferrer\">sex-livechat.com<\/a><br \/>\nErlebe ungez\u00fcgelten Sexlivechat mit versauten Amateuren, die dir ihre intimsten Seiten zeigen. Sex im Livechat bedeutet hier pure Lust ohne Grenzen &#8211; die hei\u00dfen Frauen erf\u00fcllen dir jeden noch so versauten Wunsch. Teste die Gratis Sexchats und \u00fcberzeuge dich von der Qualit\u00e4t der scharfen Shows. Live Sex im Chat war noch nie so intensiv &#8211; die notgeilen Girls verw\u00f6hnen dich mit allem, was dich erregt. Die Amateur-Luder zeigen dir ungeniert ihre feuchten Lustgrotten und bringen dich mit ihren versauten Spielchen zum H\u00f6hepunkt. Hier findest du rund um die Uhr wilde Action mit tabulosen Frauen.<\/p>\n<p><a href=\"https:\/\/www.sexcam-anonym.com\/\" target=\"_blank\" rel=\"noopener noreferrer\">sexcam-anonym.com<\/a><br \/>\nAn eine hei\u00dfe Live Show zu kommen, ist gar nicht so einfach. Man muss sich anmelden und seine Daten eingeben, von seinem Konto \u00fcberweisen etc. Wenn man in einer Beziehung ist, kann das schon etwas gef\u00e4hrlich werden f\u00fcr den Haussegen. Zum Gl\u00fcck gibt es die M\u00f6glichkeit, mit einer Paysafecard jetzt sofort den Sex Chat v\u00f6llig anonym &#038; diskret zu genie\u00dfen. Geile deutsche Frauen erwarten dich f\u00fcr aufregenden Sex Chat, Cam2Cam Wichsorgien oder einen knisternden Erotischen Chat. Bezahle jetzt deine Livecam mit Paysafecard und bleibe entspannt vor den Blicken von neugierigen Spitzeln verschont.<\/p>\n<p><a href=\"https:\/\/www.sex-chat-kamera.com\/\" target=\"_blank\" rel=\"noopener noreferrer\">sex-chat-kamera.com<\/a><br \/>\nEntdecke aufregende Kamera Sex Chats mit versauten Amateuren, die keine Hemmungen kennen. Im Live Sex Chat zeigen dir die hei\u00dfen Girls hautnah, wie sie sich selbst verw\u00f6hnen und ihre Lust ausleben. Starte gleich mit einem Sex Chat umsonst und erlebe, wie die notgeilen Ladies vor der Kamera alles geben. Die scharfen Amateure pr\u00e4sentieren dir ihre nackten K\u00f6rper in HD-Qualit\u00e4t und gehen bereitwillig auf deine speziellen W\u00fcnsche ein. Hier findest du garantiert die passende Chatpartnerin, die dich mit ihrer ungez\u00fcgelten Leidenschaft und ihren versauten Spielchen um den Verstand bringt.<\/p>\n<h2>Geile Chatfrauen im Sex Chat nackt<\/h2>\n<p>Die wohl geilste Sex Chat Show die man online finden kann. Wundersch\u00f6ne geile Frauen strippen live und unterhalten sich dabei mit dir \u00fcber alles was du an Erotik geil findest. Der ultimative Sexchat gratis im www. Viel bessere Cam Sex Frauen wirst du so schnell nicht finden, wenn du auf Sex Cam Show stehst. Suche dir doch mal eins der h\u00fcbschen Camgirls aus und teste sie gratis. Keine versteckten Kosten nur Sexchat Gratis testen. Sexgeile Chatfrauen erwarten dich im Sex Chat halbnackt oder in hei\u00dfen Dessous. Du magst perverse Nacktshows wo die Frauen wissen wie sich aufgeilen im Chat. Hier ist nicht nur die Stripshow Grund f\u00fcr den Besuch hier findest du Chat Gutscheine f\u00fcr kostenfreies Sex Chat testen. Probiere es doch einfach mal aus und schreibe ein wenig mit den Versauten Schlampen. Viel geile kann so ein Sex Chat nicht sein. Der beste unzensierte Livechat mit sexy Frauen, die sich online nackt zeigen. xxx nackt Chats wo schlanke Frauen sich ihre engen Muschis live masturbieren. Lass dich von Traumfrauen in den Nackt Sexchats verf\u00fchren und verw\u00f6hnen. Hier ist auch ein geiler Sexchat zum Test m\u00f6glich. Traumhafte Camchat Erotik mit traumhaft geilen Amateur Hausfrauen. Gute Cam Erotik mit hei\u00dfen Frauen.<\/p>\n","protected":false},"excerpt":{"rendered":"<p>sexchat.pink Pinke Muschis geiler junger Stripgirls live im privaten Sex Chat anschauen. Bei diesem modernen Sexchat Portal handelt es sich um eine gro\u00dfe Community mit tausenden Sexchat Girls, die nur&#8230;<\/p>\n<div class=\"more-link-wrapper\"><a class=\"more-link\" href=\"https:\/\/www.pornomeile.net\/sex-chat\/\">Weiterlesen<span class=\"screen-reader-text\">Livechat Portale f\u00fcr interaktiven Livesex<\/span><\/a><\/div>\n","protected":false},"author":1,"featured_media":0,"parent":0,"menu_order":0,"comment_status":"closed","ping_status":"closed","template":"","meta":{"footnotes":""},"class_list":["post-5","page","type-page","status-publish","hentry","excerpt"],"yoast_head":"<!-- This site is optimized with the Yoast SEO plugin v27.4 - https:\/\/yoast.com\/product\/yoast-seo-wordpress\/ -->\n<title>Sex Chat | Gratis Cam zu Cam Sexchat Webcams testen<\/title>\n<meta name=\"robots\" content=\"index, follow, max-snippet:-1, max-image-preview:large, max-video-preview:-1\" \/>\n<link rel=\"canonical\" href=\"https:\/\/www.pornomeile.net\/sex-chat\/\" \/>\n<meta property=\"og:locale\" content=\"de_DE\" \/>\n<meta property=\"og:type\" content=\"article\" \/>\n<meta property=\"og:title\" content=\"Sex Chat | Gratis Cam zu Cam Sexchat Webcams testen\" \/>\n<meta property=\"og:description\" content=\"sexchat.pink Pinke Muschis geiler junger Stripgirls live im privaten Sex Chat anschauen. Bei diesem modernen Sexchat Portal handelt es sich um eine gro\u00dfe Community mit tausenden Sexchat Girls, die nur&#8230;\" \/>\n<meta property=\"og:url\" content=\"https:\/\/www.pornomeile.net\/sex-chat\/\" \/>\n<meta property=\"og:site_name\" content=\"Sex Chat\" \/>\n<meta property=\"article:modified_time\" content=\"2025-08-09T12:10:16+00:00\" \/>\n<meta property=\"og:image\" content=\"https:\/\/www.pornomeile.net\/banner\/camtini.gif\" \/>\n<meta name=\"twitter:card\" content=\"summary_large_image\" \/>\n<meta name=\"twitter:label1\" content=\"Gesch\u00e4tzte Lesezeit\" \/>\n\t<meta name=\"twitter:data1\" content=\"7\u00a0Minuten\" \/>\n<script type=\"application\/ld+json\" class=\"yoast-schema-graph\">{\"@context\":\"https:\\\/\\\/schema.org\",\"@graph\":[{\"@type\":\"WebPage\",\"@id\":\"https:\\\/\\\/www.pornomeile.net\\\/sex-chat\\\/\",\"url\":\"https:\\\/\\\/www.pornomeile.net\\\/sex-chat\\\/\",\"name\":\"Sex Chat | Gratis Cam zu Cam Sexchat Webcams testen\",\"isPartOf\":{\"@id\":\"https:\\\/\\\/www.pornomeile.net\\\/sex-chat\\\/#website\"},\"primaryImageOfPage\":{\"@id\":\"https:\\\/\\\/www.pornomeile.net\\\/sex-chat\\\/#primaryimage\"},\"image\":{\"@id\":\"https:\\\/\\\/www.pornomeile.net\\\/sex-chat\\\/#primaryimage\"},\"thumbnailUrl\":\"https:\\\/\\\/www.pornomeile.net\\\/banner\\\/camtini.gif\",\"datePublished\":\"2019-03-23T09:03:42+00:00\",\"dateModified\":\"2025-08-09T12:10:16+00:00\",\"breadcrumb\":{\"@id\":\"https:\\\/\\\/www.pornomeile.net\\\/sex-chat\\\/#breadcrumb\"},\"inLanguage\":\"de\",\"potentialAction\":[{\"@type\":\"ReadAction\",\"target\":[\"https:\\\/\\\/www.pornomeile.net\\\/sex-chat\\\/\"]}]},{\"@type\":\"ImageObject\",\"inLanguage\":\"de\",\"@id\":\"https:\\\/\\\/www.pornomeile.net\\\/sex-chat\\\/#primaryimage\",\"url\":\"https:\\\/\\\/www.pornomeile.net\\\/banner\\\/camtini.gif\",\"contentUrl\":\"https:\\\/\\\/www.pornomeile.net\\\/banner\\\/camtini.gif\"},{\"@type\":\"BreadcrumbList\",\"@id\":\"https:\\\/\\\/www.pornomeile.net\\\/sex-chat\\\/#breadcrumb\",\"itemListElement\":[{\"@type\":\"ListItem\",\"position\":1,\"name\":\"Startseite\",\"item\":\"https:\\\/\\\/www.pornomeile.net\\\/sex-chat\\\/\"},{\"@type\":\"ListItem\",\"position\":2,\"name\":\"Livechat Portale f\u00fcr interaktiven Livesex\"}]},{\"@type\":\"WebSite\",\"@id\":\"https:\\\/\\\/www.pornomeile.net\\\/sex-chat\\\/#website\",\"url\":\"https:\\\/\\\/www.pornomeile.net\\\/sex-chat\\\/\",\"name\":\"Sex Chat\",\"description\":\"Direkt flirten und tabulos chatten\",\"potentialAction\":[{\"@type\":\"SearchAction\",\"target\":{\"@type\":\"EntryPoint\",\"urlTemplate\":\"https:\\\/\\\/www.pornomeile.net\\\/sex-chat\\\/?s={search_term_string}\"},\"query-input\":{\"@type\":\"PropertyValueSpecification\",\"valueRequired\":true,\"valueName\":\"search_term_string\"}}],\"inLanguage\":\"de\"}]}<\/script>\n<!-- \/ Yoast SEO plugin. -->","yoast_head_json":{"title":"Sex Chat | Gratis Cam zu Cam Sexchat Webcams testen","robots":{"index":"index","follow":"follow","max-snippet":"max-snippet:-1","max-image-preview":"max-image-preview:large","max-video-preview":"max-video-preview:-1"},"canonical":"https:\/\/www.pornomeile.net\/sex-chat\/","og_locale":"de_DE","og_type":"article","og_title":"Sex Chat | Gratis Cam zu Cam Sexchat Webcams testen","og_description":"sexchat.pink Pinke Muschis geiler junger Stripgirls live im privaten Sex Chat anschauen. Bei diesem modernen Sexchat Portal handelt es sich um eine gro\u00dfe Community mit tausenden Sexchat Girls, die nur&#8230;","og_url":"https:\/\/www.pornomeile.net\/sex-chat\/","og_site_name":"Sex Chat","article_modified_time":"2025-08-09T12:10:16+00:00","og_image":[{"url":"https:\/\/www.pornomeile.net\/banner\/camtini.gif","type":"","width":"","height":""}],"twitter_card":"summary_large_image","twitter_misc":{"Gesch\u00e4tzte Lesezeit":"7\u00a0Minuten"},"schema":{"@context":"https:\/\/schema.org","@graph":[{"@type":"WebPage","@id":"https:\/\/www.pornomeile.net\/sex-chat\/","url":"https:\/\/www.pornomeile.net\/sex-chat\/","name":"Sex Chat | Gratis Cam zu Cam Sexchat Webcams testen","isPartOf":{"@id":"https:\/\/www.pornomeile.net\/sex-chat\/#website"},"primaryImageOfPage":{"@id":"https:\/\/www.pornomeile.net\/sex-chat\/#primaryimage"},"image":{"@id":"https:\/\/www.pornomeile.net\/sex-chat\/#primaryimage"},"thumbnailUrl":"https:\/\/www.pornomeile.net\/banner\/camtini.gif","datePublished":"2019-03-23T09:03:42+00:00","dateModified":"2025-08-09T12:10:16+00:00","breadcrumb":{"@id":"https:\/\/www.pornomeile.net\/sex-chat\/#breadcrumb"},"inLanguage":"de","potentialAction":[{"@type":"ReadAction","target":["https:\/\/www.pornomeile.net\/sex-chat\/"]}]},{"@type":"ImageObject","inLanguage":"de","@id":"https:\/\/www.pornomeile.net\/sex-chat\/#primaryimage","url":"https:\/\/www.pornomeile.net\/banner\/camtini.gif","contentUrl":"https:\/\/www.pornomeile.net\/banner\/camtini.gif"},{"@type":"BreadcrumbList","@id":"https:\/\/www.pornomeile.net\/sex-chat\/#breadcrumb","itemListElement":[{"@type":"ListItem","position":1,"name":"Startseite","item":"https:\/\/www.pornomeile.net\/sex-chat\/"},{"@type":"ListItem","position":2,"name":"Livechat Portale f\u00fcr interaktiven Livesex"}]},{"@type":"WebSite","@id":"https:\/\/www.pornomeile.net\/sex-chat\/#website","url":"https:\/\/www.pornomeile.net\/sex-chat\/","name":"Sex Chat","description":"Direkt flirten und tabulos chatten","potentialAction":[{"@type":"SearchAction","target":{"@type":"EntryPoint","urlTemplate":"https:\/\/www.pornomeile.net\/sex-chat\/?s={search_term_string}"},"query-input":{"@type":"PropertyValueSpecification","valueRequired":true,"valueName":"search_term_string"}}],"inLanguage":"de"}]}},"_links":{"self":[{"href":"https:\/\/www.pornomeile.net\/sex-chat\/wp-json\/wp\/v2\/pages\/5","targetHints":{"allow":["GET"]}}],"collection":[{"href":"https:\/\/www.pornomeile.net\/sex-chat\/wp-json\/wp\/v2\/pages"}],"about":[{"href":"https:\/\/www.pornomeile.net\/sex-chat\/wp-json\/wp\/v2\/types\/page"}],"author":[{"embeddable":true,"href":"https:\/\/www.pornomeile.net\/sex-chat\/wp-json\/wp\/v2\/users\/1"}],"replies":[{"embeddable":true,"href":"https:\/\/www.pornomeile.net\/sex-chat\/wp-json\/wp\/v2\/comments?post=5"}],"version-history":[{"count":30,"href":"https:\/\/www.pornomeile.net\/sex-chat\/wp-json\/wp\/v2\/pages\/5\/revisions"}],"predecessor-version":[{"id":72,"href":"https:\/\/www.pornomeile.net\/sex-chat\/wp-json\/wp\/v2\/pages\/5\/revisions\/72"}],"wp:attachment":[{"href":"https:\/\/www.pornomeile.net\/sex-chat\/wp-json\/wp\/v2\/media?parent=5"}],"curies":[{"name":"wp","href":"https:\/\/api.w.org\/{rel}","templated":true}]}}