{"id":5,"date":"2019-03-23T09:58:42","date_gmt":"2019-03-23T08:58:42","guid":{"rendered":"http:\/\/www.pornomeile.net\/reife-frauen\/?page_id=5"},"modified":"2025-02-28T17:05:57","modified_gmt":"2025-02-28T16:05:57","slug":"reife-frauen","status":"publish","type":"page","link":"https:\/\/www.pornomeile.net\/reife-frauen\/","title":{"rendered":"Reif und geil &#8211; Gratis Webseiten zu Milfs und Frauen ab 50"},"content":{"rendered":"<p><a href=\"https:\/\/www.reife-frauen-camsex.com\/\" target=\"_blank\" rel=\"noopener noreferrer\">reife-frauen-camsex.com<\/a><br \/>\nCamsex mit einer reifen Lady ist einfach das Geilste, was es gibt! Lass dich von erfahrenen Camgirls wie &#8222;Heisse Vicki&#8220;, &#8222;Ciara&#8220; &#8222;Scharfe Mia&#8220; oder &#8222;Milf Royal&#8220; und vielen anderen beim Camsex verw\u00f6hnen. Auf dieser geilen Seite bekommst du grandiose 50 \u20ac Guthaben geschenkt. Reife Frauen Camsex musst du dir unbedingt anschauen &#8211; es lohnt sich!<\/p>\n<p><a href=\"https:\/\/www.webcamsex24.net\/reif\/\" target=\"_blank\" rel=\"noopener noreferrer\">webcamsex24.net\/reif\/<\/a><br \/>\nWir wissen, dass du lieber Webcam Sex mit reifen Frauen erleben willst und daher haben wir auch eigens f\u00fcr dich eine Rubrik eingerichtet, wo ausschlie\u00dflich reife Frauen ab 40 Jahren und deutlich dar\u00fcber mit ihren Livecams vertreten sind. Du kannst also direkt live mit einer scharfen Oma chatten und mit ihr flirten oder dich von ihrem geilen Dirtytalking umblasen lassen. Diese erfahrenen Camluder bringen dich garantiert zum Abspritzen! Lass dich von einer reifen Amateurin mal so richtig verw\u00f6hnen. Gib dich nicht mit dem zweitbesten Camsexportal ab. Denn hier erlebst du Webcamsex 24 Stunden am Tag mit privatem Chat und kostenloser Mitgliedschaft.<\/p>\n<p><a href=\"https:\/\/www.oma-sexchat.com\/\" target=\"_blank\" rel=\"noopener noreferrer\">oma-sexchat.com<\/a><br \/>\nReife Frauen und alte Omas warten im Sexchat auf dich. Hier kannst du 1:1 mit einer geilen, frivolen Oma chatten und deine sexuelle Vorliebe f\u00fcr \u00e4ltere Damen live ausleben. Nat\u00fcrlich kannst du dich f\u00fcr die Sex Chat Community kostenlos registrieren. Es gibt kein Abo oder sonstige laufende Kosten oder gar Abzocke. Hier ist alles echt und zwanglos. Im privaten Chat kannst du mit reifen Omas schreiben, dir von ihnen sexy Fotos und Videos schicken lassen oder dich mit ihnen zu einem Sextreffen verabreden. Jetzt ausprobieren!<\/p>\n<div class=\"mobileadtooo\"><a href=\"https:\/\/www.pornomeile.net\/aktuell\/omas\/\" target=\"_blank\" rel=\"nofollow noopener noreferrer\"><img loading=\"lazy\" decoding=\"async\" src=\"https:\/\/www.pornomeile.net\/banner\/granny.jpg\" width=\"300\" height=\"300\" alt=\"Oma Sex Community\" \/><\/a><\/div>\n<p><a href=\"https:\/\/www.milf-sexchat.com\/\" target=\"_blank\" rel=\"noopener noreferrer\">milf-sexchat.com<\/a><br \/>\nChatte ganz intim mit einer reifen MILF um die 40 Jahre im privaten Sexchat. Sexy Hausfrauen wollen dich befriedigen, dir hei\u00dfe Nacktfotos und scharfe Videos per Chatmessenger zusenden. Hier in der Milf Sex Chat Community bist du ganz ungest\u00f6rt mit frivolen Frauen und kannst dich mit ihnen austauschen und zusammen wichsen. Probiere es aus, es warten geile Schnitten wie Ramona Deluxe, Alexandra Wett, MaryWet oder BettieBallhaus auf dich und deinen Schwanz.<\/p>\n<p><a href=\"https:\/\/www.oldiedate.net\/\" target=\"_blank\" rel=\"noopener noreferrer\">oldiedate.net<\/a><br \/>\nGeile Omas privat kennenlernen und dich mit ihnen zu Sextreffen verabreden? Dann schau mal auf der Seite Oldiedate vorbei und besorge dir einen kostenlosen Zugang. Dort findest du garantiert reife Frauen und sogar richtig alte Omas, die auf der Suche nach einem Fick kontakt sind. Gerade alte Damen sind durchaus noch richtig geil drauf und viele von ihnen suchen sich regelm\u00e4\u00dfig neue Stecher, um sich richtig durchficken zu lassen. Sexkontakte mit Omas findest du dort ganz bestimmt. Die Dating Community ist gut aufgebaut und du kannst ganz gezielt nach Alter, Vorlieben und dem Ort suchen, wo du reife Damen f\u00fcr Sex kennenlernen m\u00f6chtest.<\/p>\n<p><a href=\"https:\/\/www.milf-fickdates.com\/\" target=\"_blank\" rel=\"noopener noreferrer\">milf-fickdates.com<\/a><br \/>\nStehst du auch so auf Frauen mittleren Alters? In dieser kostenlosen Dating Community kannst du direkt Fickdates mit MILFs verabreden, also mit M\u00fcttern, die auch du gerne ficken w\u00fcrdest. Bei einer MILF kannst du dir sicher sein, dass du auf deine Kosten kommst. Denn diese Frauen haben bereits genug Erfahrung im Bett sammeln k\u00f6nnen und suchen \u00fcber diese geile Plattform einfach nur Stecher, mit denen sie Spa\u00df haben k\u00f6nnen.<\/p>\n<p><a href=\"https:\/\/www.milfkontakte24.com\/\" target=\"_blank\" rel=\"noopener noreferrer\">milfkontakte24.com<\/a><br \/>\nFrauen zwischen 35 und 50 Jahren gehen beim Sex so richtig geil ab. Sie haben genug Erfahrung gesammelt und sehen daf\u00fcr noch sehr gut aus. Hier findest du ein Kontaktportal f\u00fcr Milf Kontakte ohne Tabus. Du kannst hier sofort ganz umsonst einen Account starten und dein Profil erstellen. Nat\u00fcrlich kannst du aber auch zun\u00e4chst mal schauen, was in Sachen MILFS bei dir in der N\u00e4he so abgeht.<\/p>\n<div class=\"mobilead\"><a href=\"https:\/\/www.pornomeile.net\/aktuell\/omasex\/\" target=\"_blank\" rel=\"nofollow noopener noreferrer\"><img decoding=\"async\" src=\"\/banner\/omas-300x250.gif\" alt=\"Geile Omas\" \/><\/a><\/div>\n<p><a href=\"https:\/\/www.milfpornos.net\/\" target=\"_blank\" rel=\"noopener noreferrer\">milfpornos.net<\/a><br \/>\nSchei\u00df doch die Wand an was sind das hier f\u00fcr geile reife MILFS in diesen unfassbaren Pornovideos? Diese Community wird dich echt umhauen. Deutsche M\u00fctter laden hier jeden Tag wie wild ihre neusten Pornofilme hoch. Darin kannst du sehen, wie eine MILF mal so richtig geil durchgefickt wird oder wie sie mit einem riesigen Dildo oder Vibrator ungest\u00f6rt masturbiert. Melde dich doch einfach gratis an und hole dir dein Gratisporno ab.<\/p>\n<p><a href=\"https:\/\/www.milfs-ficken.com\/\" target=\"_blank\" rel=\"noopener noreferrer\">milfs-ficken.com<\/a><br \/>\nHier kannst du geile Milfs aus ganz Deutschland kennen lernen und dann auch sofort ficken. Lange warten wird es hier nicht geben. Daf\u00fcr sind die Luder einfach zu notgeil um den Sex auf die lange Bank zu schieben. Wenn du es mal testen willst, dann melde dich jetzt gleich noch kostenlos an und teste es. Hier ist noch kein Mann unzufrieden gewesen und das hat auch seinen Grund. Den wirst du auch gleich noch in Erfahrung bringen.<\/p>\n<p><a href=\"https:\/\/reifefrauen.eu\/\" target=\"_blank\" rel=\"noopener noreferrer\">reifefrauen.eu<\/a><br \/>\nEine geile, unterv\u00f6gelte reife Frau f\u00fcr einen harten Fick zu treffen, muss kein Wunsch bleiben. Auf dieser Plattform tummel sich hunderte alte Damen, die einen Schwanz suchen. Willst du dir eine angeln? Na dann schau es dir an und suche dir aus hunderten Kontakten die passende Dame raus.<\/p>\n<h2>Telefonsex mit Hausfrauen und mit alten Frauen aus \u00d6sterreich<\/h2>\n<p>Beim Telefonsex lassen es versaute Hausfrauen so richtig krachen. Wenn sie auch nur die Chance haben das sie ein neuer Schwanz ficken k\u00f6nnte, dann lassen sie sich sofort beim xxx Telefonsex gehen, wie man es noch nie erlebt haben d\u00fcrfte. Diese billigen Telesex Girls sind wirklich z\u00fcgellos und wollen einfach nur beim Telefon Sex ficken! Hier kommst du zu den reifen Telefon Frauen.<\/p>\n<p>\u00d6sterreichs alte Frauen haben hier kostenlose Fickinserate aufgegeben. Schapp dir eine altes Oma f\u00fcr ein versautes Fickdate in At. Hier ist wildes Bumsen angesagt aber mit Frauen 50+. Viele naturgeile Sch\u00f6nheiten mit einem geilen Drang zu hartem Sex. Unzensiert und schonungslos offen beschreiben die \u00e4lteren Luder auf was sie beim Sex stehen und wie sie es gerne haben wenn sie bestiegen werden. Sogar mit Sofort Kontakt Daten ohne registrieren.<\/p>\n","protected":false},"excerpt":{"rendered":"<p>reife-frauen-camsex.com Camsex mit einer reifen Lady ist einfach das Geilste, was es gibt! Lass dich von erfahrenen Camgirls wie &#8222;Heisse Vicki&#8220;, &#8222;Ciara&#8220; &#8222;Scharfe Mia&#8220; oder &#8222;Milf Royal&#8220; und vielen anderen&#8230;<\/p>\n<div class=\"more-link-wrapper\"><a class=\"more-link\" href=\"https:\/\/www.pornomeile.net\/reife-frauen\/\">Weiterlesen<span class=\"screen-reader-text\">Reif und geil &#8211; Gratis Webseiten zu Milfs und Frauen ab 50<\/span><\/a><\/div>\n","protected":false},"author":1,"featured_media":0,"parent":0,"menu_order":0,"comment_status":"closed","ping_status":"closed","template":"","meta":{"footnotes":""},"class_list":["post-5","page","type-page","status-publish","hentry","excerpt"],"yoast_head":"<!-- This site is optimized with the Yoast SEO plugin v27.3 - https:\/\/yoast.com\/product\/yoast-seo-wordpress\/ -->\n<title>Reife Frauen | Alte Damen Pornos &amp; Oma Fickkontakte<\/title>\n<meta name=\"robots\" content=\"index, follow, max-snippet:-1, max-image-preview:large, max-video-preview:-1\" \/>\n<link rel=\"canonical\" href=\"https:\/\/www.pornomeile.net\/reife-frauen\/\" \/>\n<meta property=\"og:locale\" content=\"de_DE\" \/>\n<meta property=\"og:type\" content=\"article\" \/>\n<meta property=\"og:title\" content=\"Reife Frauen | Alte Damen Pornos &amp; Oma Fickkontakte\" \/>\n<meta property=\"og:description\" content=\"reife-frauen-camsex.com Camsex mit einer reifen Lady ist einfach das Geilste, was es gibt! Lass dich von erfahrenen Camgirls wie &#8222;Heisse Vicki&#8220;, &#8222;Ciara&#8220; &#8222;Scharfe Mia&#8220; oder &#8222;Milf Royal&#8220; und vielen anderen&#8230;\" \/>\n<meta property=\"og:url\" content=\"https:\/\/www.pornomeile.net\/reife-frauen\/\" \/>\n<meta property=\"og:site_name\" content=\"Reife Frauen\" \/>\n<meta property=\"article:modified_time\" content=\"2025-02-28T16:05:57+00:00\" \/>\n<meta property=\"og:image\" content=\"https:\/\/www.pornomeile.net\/banner\/granny.jpg\" \/>\n<meta name=\"twitter:card\" content=\"summary_large_image\" \/>\n<meta name=\"twitter:label1\" content=\"Gesch\u00e4tzte Lesezeit\" \/>\n\t<meta name=\"twitter:data1\" content=\"6\u00a0Minuten\" \/>\n<script type=\"application\/ld+json\" class=\"yoast-schema-graph\">{\"@context\":\"https:\\\/\\\/schema.org\",\"@graph\":[{\"@type\":\"WebPage\",\"@id\":\"https:\\\/\\\/www.pornomeile.net\\\/reife-frauen\\\/\",\"url\":\"https:\\\/\\\/www.pornomeile.net\\\/reife-frauen\\\/\",\"name\":\"Reife Frauen | Alte Damen Pornos & Oma Fickkontakte\",\"isPartOf\":{\"@id\":\"https:\\\/\\\/www.pornomeile.net\\\/reife-frauen\\\/#website\"},\"primaryImageOfPage\":{\"@id\":\"https:\\\/\\\/www.pornomeile.net\\\/reife-frauen\\\/#primaryimage\"},\"image\":{\"@id\":\"https:\\\/\\\/www.pornomeile.net\\\/reife-frauen\\\/#primaryimage\"},\"thumbnailUrl\":\"https:\\\/\\\/www.pornomeile.net\\\/banner\\\/granny.jpg\",\"datePublished\":\"2019-03-23T08:58:42+00:00\",\"dateModified\":\"2025-02-28T16:05:57+00:00\",\"breadcrumb\":{\"@id\":\"https:\\\/\\\/www.pornomeile.net\\\/reife-frauen\\\/#breadcrumb\"},\"inLanguage\":\"de\",\"potentialAction\":[{\"@type\":\"ReadAction\",\"target\":[\"https:\\\/\\\/www.pornomeile.net\\\/reife-frauen\\\/\"]}]},{\"@type\":\"ImageObject\",\"inLanguage\":\"de\",\"@id\":\"https:\\\/\\\/www.pornomeile.net\\\/reife-frauen\\\/#primaryimage\",\"url\":\"https:\\\/\\\/www.pornomeile.net\\\/banner\\\/granny.jpg\",\"contentUrl\":\"https:\\\/\\\/www.pornomeile.net\\\/banner\\\/granny.jpg\"},{\"@type\":\"BreadcrumbList\",\"@id\":\"https:\\\/\\\/www.pornomeile.net\\\/reife-frauen\\\/#breadcrumb\",\"itemListElement\":[{\"@type\":\"ListItem\",\"position\":1,\"name\":\"Startseite\",\"item\":\"https:\\\/\\\/www.pornomeile.net\\\/reife-frauen\\\/\"},{\"@type\":\"ListItem\",\"position\":2,\"name\":\"Reif und geil &#8211; Gratis Webseiten zu Milfs und Frauen ab 50\"}]},{\"@type\":\"WebSite\",\"@id\":\"https:\\\/\\\/www.pornomeile.net\\\/reife-frauen\\\/#website\",\"url\":\"https:\\\/\\\/www.pornomeile.net\\\/reife-frauen\\\/\",\"name\":\"Reife Frauen\",\"description\":\"Omasex Pornos &amp; reife Weiber beim Camsex\",\"potentialAction\":[{\"@type\":\"SearchAction\",\"target\":{\"@type\":\"EntryPoint\",\"urlTemplate\":\"https:\\\/\\\/www.pornomeile.net\\\/reife-frauen\\\/?s={search_term_string}\"},\"query-input\":{\"@type\":\"PropertyValueSpecification\",\"valueRequired\":true,\"valueName\":\"search_term_string\"}}],\"inLanguage\":\"de\"}]}<\/script>\n<!-- \/ Yoast SEO plugin. -->","yoast_head_json":{"title":"Reife Frauen | Alte Damen Pornos & Oma Fickkontakte","robots":{"index":"index","follow":"follow","max-snippet":"max-snippet:-1","max-image-preview":"max-image-preview:large","max-video-preview":"max-video-preview:-1"},"canonical":"https:\/\/www.pornomeile.net\/reife-frauen\/","og_locale":"de_DE","og_type":"article","og_title":"Reife Frauen | Alte Damen Pornos & Oma Fickkontakte","og_description":"reife-frauen-camsex.com Camsex mit einer reifen Lady ist einfach das Geilste, was es gibt! Lass dich von erfahrenen Camgirls wie &#8222;Heisse Vicki&#8220;, &#8222;Ciara&#8220; &#8222;Scharfe Mia&#8220; oder &#8222;Milf Royal&#8220; und vielen anderen&#8230;","og_url":"https:\/\/www.pornomeile.net\/reife-frauen\/","og_site_name":"Reife Frauen","article_modified_time":"2025-02-28T16:05:57+00:00","og_image":[{"url":"https:\/\/www.pornomeile.net\/banner\/granny.jpg","type":"","width":"","height":""}],"twitter_card":"summary_large_image","twitter_misc":{"Gesch\u00e4tzte Lesezeit":"6\u00a0Minuten"},"schema":{"@context":"https:\/\/schema.org","@graph":[{"@type":"WebPage","@id":"https:\/\/www.pornomeile.net\/reife-frauen\/","url":"https:\/\/www.pornomeile.net\/reife-frauen\/","name":"Reife Frauen | Alte Damen Pornos & Oma Fickkontakte","isPartOf":{"@id":"https:\/\/www.pornomeile.net\/reife-frauen\/#website"},"primaryImageOfPage":{"@id":"https:\/\/www.pornomeile.net\/reife-frauen\/#primaryimage"},"image":{"@id":"https:\/\/www.pornomeile.net\/reife-frauen\/#primaryimage"},"thumbnailUrl":"https:\/\/www.pornomeile.net\/banner\/granny.jpg","datePublished":"2019-03-23T08:58:42+00:00","dateModified":"2025-02-28T16:05:57+00:00","breadcrumb":{"@id":"https:\/\/www.pornomeile.net\/reife-frauen\/#breadcrumb"},"inLanguage":"de","potentialAction":[{"@type":"ReadAction","target":["https:\/\/www.pornomeile.net\/reife-frauen\/"]}]},{"@type":"ImageObject","inLanguage":"de","@id":"https:\/\/www.pornomeile.net\/reife-frauen\/#primaryimage","url":"https:\/\/www.pornomeile.net\/banner\/granny.jpg","contentUrl":"https:\/\/www.pornomeile.net\/banner\/granny.jpg"},{"@type":"BreadcrumbList","@id":"https:\/\/www.pornomeile.net\/reife-frauen\/#breadcrumb","itemListElement":[{"@type":"ListItem","position":1,"name":"Startseite","item":"https:\/\/www.pornomeile.net\/reife-frauen\/"},{"@type":"ListItem","position":2,"name":"Reif und geil &#8211; Gratis Webseiten zu Milfs und Frauen ab 50"}]},{"@type":"WebSite","@id":"https:\/\/www.pornomeile.net\/reife-frauen\/#website","url":"https:\/\/www.pornomeile.net\/reife-frauen\/","name":"Reife Frauen","description":"Omasex Pornos &amp; reife Weiber beim Camsex","potentialAction":[{"@type":"SearchAction","target":{"@type":"EntryPoint","urlTemplate":"https:\/\/www.pornomeile.net\/reife-frauen\/?s={search_term_string}"},"query-input":{"@type":"PropertyValueSpecification","valueRequired":true,"valueName":"search_term_string"}}],"inLanguage":"de"}]}},"_links":{"self":[{"href":"https:\/\/www.pornomeile.net\/reife-frauen\/wp-json\/wp\/v2\/pages\/5","targetHints":{"allow":["GET"]}}],"collection":[{"href":"https:\/\/www.pornomeile.net\/reife-frauen\/wp-json\/wp\/v2\/pages"}],"about":[{"href":"https:\/\/www.pornomeile.net\/reife-frauen\/wp-json\/wp\/v2\/types\/page"}],"author":[{"embeddable":true,"href":"https:\/\/www.pornomeile.net\/reife-frauen\/wp-json\/wp\/v2\/users\/1"}],"replies":[{"embeddable":true,"href":"https:\/\/www.pornomeile.net\/reife-frauen\/wp-json\/wp\/v2\/comments?post=5"}],"version-history":[{"count":25,"href":"https:\/\/www.pornomeile.net\/reife-frauen\/wp-json\/wp\/v2\/pages\/5\/revisions"}],"predecessor-version":[{"id":72,"href":"https:\/\/www.pornomeile.net\/reife-frauen\/wp-json\/wp\/v2\/pages\/5\/revisions\/72"}],"wp:attachment":[{"href":"https:\/\/www.pornomeile.net\/reife-frauen\/wp-json\/wp\/v2\/media?parent=5"}],"curies":[{"name":"wp","href":"https:\/\/api.w.org\/{rel}","templated":true}]}}