{"id":5,"date":"2019-03-23T09:54:36","date_gmt":"2019-03-23T08:54:36","guid":{"rendered":"http:\/\/www.pornomeile.net\/livecam-sex\/?page_id=5"},"modified":"2025-08-09T14:09:31","modified_gmt":"2025-08-09T12:09:31","slug":"livecam-sex","status":"publish","type":"page","link":"https:\/\/www.pornomeile.net\/livecam-sex\/","title":{"rendered":"Livecamsex Seiten mit kostenfreiem Zugang und Freiminuten"},"content":{"rendered":"<p><a href=\"https:\/\/www.livesex-gutschein.com\/\" target=\"_blank\" rel=\"noopener noreferrer\">livesex-gutschein.com<\/a><br \/>\nDu suchst eine g\u00fcnstige Alternative, um mit geilen Livegirls zusammen eine geile Zeit im Livecam Chat zu verbringen? Hier gibt es sagenhafte 50 Euro Guthaben geschenkt! Mit dem Live Sex Gutschein auf dieser Seite kannst du direkt loslegen und dir ein s\u00fc\u00dfes Camgirl suchen, mit dem du privaten Cam2Cam Sex erleben kannst. Du kannst dir das Guthaben nach der kostenlosen Anmeldung direkt abholen und eine Show deiner Wahl besuchen. Es warten bereits einige der bekanntesten, besten und sch\u00f6nsten Livestrip Girls Deutschlands auf dich. 50 \u20ac f\u00fcr den Livesex Chat &#8211; dieses unschlagbare Angebot solltest du dir auf keinen Fall entgehen lassen! Besuche jetzt dieses Camportal und spritze kostenlos ab.<\/p>\n<p><a href=\"https:\/\/www.dominas-live.com\/\" target=\"_blank\" rel=\"noopener noreferrer\">dominas-live.com<\/a><br \/>\nSehnst du dich nach Strenge? Brauchst du eine dominante Frau, die dich anleitet? Zum Beispiel mit einer speziellen Wichsanleitung passend zu deinem Fetisch. Auf diesem exklusiven Camportal senden deutschsprachige Dominas, Mistresses und Goddesses und sie sind bereit, dich zu erziehen. Bei einer Camerziehung durch eine erfahrene Domina kannst du dich endlich einer Dame unterwerfen, die dich versteht. Ganz egal ob du ein Cuckold bist, eine Sissy, vielleicht ein Fu\u00dfdiener oder ein einfacher Sklave&#8230; Hier erf\u00e4hrst du Demut, Erniedrigung und Dem\u00fctigung auf hohem Niveau und ganz diskret!<\/p>\n<div class=\"mobileadtoo\"><a href=\"https:\/\/www.pornomeile.net\/aktuell\/cams\/\" target=\"_blank\" rel=\"nofollow noopener noreferrer\"><img loading=\"lazy\" decoding=\"async\" src=\"https:\/\/www.pornomeile.net\/banner\/camtini.gif\" width=\"350\" height=\"250\" alt=\"Amateur Cams\" \/><\/a><\/div>\n<p><a href=\"https:\/\/www.amateur-livecams.org\/\" target=\"_blank\" rel=\"noopener noreferrer\">amateur-livecams.org<\/a><br \/>\nChatte tabulos mit sexy Amateur Cam Girls und beobachte sie bei unzensiertem Livecam Sex ganz ungest\u00f6rt. Wenn du mal kostenlos in eine Community reinschnuppern willst, auf dem ausschlie\u00dflich Amateurgirls senden, dann bist du hier goldrichtig. Versaute deutsche Frauen treiben es richtig wild und exzessiv vor den Livecams und du bist hautnah dabei. Au\u00dferdem kannst du jederzeit mit einem Camgirl in den privaten eins zu eins Cam2Cam Chat Modus wechseln. Dann seid ihr zu zweit und k\u00f6nnt beim gemeinsamen Camsex ganz auf eure Bed\u00fcrfnisse eingehen. Geiler geht es echt nicht. Erlebe Amateur Live Sex, wie du ihn bisher nur aus deinen Tr\u00e4umen kanntest. Schnappe dir einfach den Gratiszugang zum Portal und teste eine Amateurcam ganz unverbindlich. Du wirst sehen, hier ist alles echt und live.<\/p>\n<p><a href=\"https:\/\/www.live-amateure.net\/\" target=\"_blank\" rel=\"noopener noreferrer\">live-amateure.net<\/a><br \/>\nDeutsche Amateure rund um die Uhr live. Genau das erwartet dich in dieser genialen Amateur Sexcam Community! Und als Bonus kannst du dir auch flott noch den 50 \u20ac Gutschein f\u00fcr den privaten Amateurchat g\u00f6nnen, den es dort exklusiv gibt. Besuche einfach diese Seite und suche dir ein Camgirl aus, das gerade mit ihrer Cam online ist und im Sex Chat auf dich wartet. Dann schaust du nach dem Button f\u00fcr den Gutschein und registriert dich kostenfrei. Danach stehen dir die 50 Freiminuten auch direkt zur Verf\u00fcgung. Du brauchst also nur wenige Sekunden und kannst direkt kostenlosen Live Cam Sex mit scharfen deutschen Amateurgirls genie\u00dfen. Schlag direkt zu!<\/p>\n<p><a href=\"https:\/\/www.livesex.click\/\" target=\"_blank\" rel=\"noopener noreferrer\">livesex.click<\/a><br \/>\nHier auf dieser Seite erwarten dich Livecams geiler Camgirls, hei\u00dfer Amateurpaare, Dominas oder Transen. F\u00fcr jeden Geschmack sind hier Livegirls t\u00e4glich auf Sendung und besorgen es dir gerne im Cam2Cam Live Sex Chat. Die Mitgliedschaft kannst du hier kostenlos starten. Wenn du dich umschaust, entdeckst du sicher einen 10 \u20ac Gutschein f\u00fcr privaten Livesex. Oder aber du schnappst dir kostenfrei die 30 Tage VIP-Mitgliedschaft. So oder so wirst du mit den Amateurgirls richtig viel geilen Spa\u00df bei hei\u00dfem Webcamsex erleben.<\/p>\n<p><a href=\"https:\/\/www.livesex-show.com\/\" target=\"_blank\" rel=\"noopener noreferrer\">livesex-show.com<\/a><br \/>\nEntdecke hei\u00dfe Shows mit Livesex Cam Action und versauten Amateuren, die keine Tabus kennen. Starte mit einem gratis Sex Chat und erlebe, wie die notgeilen Girls alles f\u00fcr dich geben. Der Cam2Cam Livesex l\u00e4sst dich hautnah bei einer Livesexshow dabei sein, wenn die scharfen Ladies sich selbst verw\u00f6hnen und ihre Lust ausleben. Live Ficken war noch nie so intensiv &#8211; die Amateur-Luder zeigen dir ungeniert ihre feuchten Spalten und erf\u00fcllen dir jeden versauten Wunsch. Die hemmungslosen Performer wissen genau, wie sie dich mit ihren hei\u00dfen Shows zum H\u00f6hepunkt bringen und deine geheimsten Fantasien erf\u00fcllen.<\/p>\n<p><a href=\"https:\/\/www.amateur-livesex.com\/\" target=\"_blank\" rel=\"noopener noreferrer\">amateur-livesex.com<\/a><br \/>\nWenn diese Amateur Frauen ihre privaten Livecams einschalten, wird dein Kolben so richtig hei\u00df laufen! Deutsche Sexcam Amateure senden hier rund um die Uhr mit ihren Privatcams und wollen mit dir gemeinsam masturbieren und K\u00f6rperfl\u00fcssigkeiten verspritzen. Hast du Lust auf einen privaten Camfick? Dann besuche dieses Portal f\u00fcr Live Cam Sex mit willigen Ladies und nutze den kostenfreien Zugang.<\/p>\n<p><a href=\"https:\/\/www.dildosexcam.com\/\" target=\"_blank\" rel=\"noopener noreferrer\">dildosexcam.com<\/a><br \/>\nHast du Bock auf richtig intimen Live Cam Sex, bei dem sich hei\u00dfe Frauen riesige Dildos in ihre Muschis schieben? Dann besuche diese Seite und sichere dir 50 Euro Guthaben ganz ohne Gegenleistung. Damit darfst du direkt kostenlos in eine Dildoshow deiner Wahl einsteigen und aktiv im Sexchat Anweisungen geben, was das Camgirl als N\u00e4chstes mit dem Dildo oder Vibrator anstellen soll.<\/p>\n<p><a href=\"https:\/\/www.amateur-livestrip.com\/\" target=\"_blank\" rel=\"noopener noreferrer\">amateur-livestrip.com<\/a><br \/>\nJetzt sofort 66 Freiminuten f\u00fcr die Amateur Livestrip Cams mit Chat abstauben. Hier senden die geilen Livegirls von Susi live, die du vielleicht aus dem n\u00e4chtlichen Fernsehprogramm kennst. Aber auf dieser Webseite bekommst du sagenhafte 66 Gratis-Minuten f\u00fcr den Livesex Chat. Geiler geht es nicht &#8211; jetzt zuschlagen!<\/p>\n<div class=\"mobileadtoo\"><a href=\"https:\/\/www.pornomeile.net\/aktuell\/cams\/\" target=\"_blank\" rel=\"nofollow noopener noreferrer\"><img loading=\"lazy\" decoding=\"async\" src=\"https:\/\/www.pornomeile.net\/banner\/camstart.gif\" width=\"350\" height=\"250\" alt=\"Livecams starten\" \/><\/a><\/div>\n<p><a href=\"https:\/\/www.livesex-chat.net\/\" target=\"_blank\" rel=\"noopener noreferrer\">livesex-chat.net<\/a><br \/>\nErlebe puren Livesexchat mit hei\u00dfen Amateuren, die dir unvergessliche Momente bescheren. Beim Live Chatsex verw\u00f6hnen dich versaute Girls mit allem, was dein Herz begehrt. Starte mit gratis Livesex Chats und \u00fcberzeuge dich von der Qualit\u00e4t der erotischen Shows. Der Cam2Cam Livesex macht dein Erlebnis noch intensiver &#8211; die scharfen Amateure reagieren direkt auf deine Aktionen und teilen ihre Lust mit dir. Die tabulosen Ladies zeigen dir bereitwillig ihre feuchten Lustgrotten und bringen dich mit ihren versauten Spielchen zum H\u00f6hepunkt. Hier findest du rund um die Uhr wilde Action mit notgeilen Frauen.<\/p>\n<p><a href=\"https:\/\/www.livecamamateure.net\/\" target=\"_blank\" rel=\"noopener noreferrer\">livecamamateure.net<\/a><br \/>\nEhrlicher deutscher Amateur Blog zum Thema Live Cam Sex. Finde die besten deutschsprachigen Camsex Portale mit den sch\u00e4rfsten Frauen und informiere dich, wie du an Freiminuten f\u00fcr die Liveshows kommst. Denn viele wissen gar nicht, dass man ja nicht direkt Geld ausgeben muss, wenn man mit einer Dame mal intim chatten und ein wenig Livesex erleben will. Dort wird dir geholfen. Ob du mit einer verdorbenen Milf mal richtig versaut abspritzen willst oder einem jungen Camgirl Anfang zwanzig dabei zuschauen willst, wie sie ihren sexy K\u00f6rper vor der Webcam bewegt und ihr feuchtes, enges F\u00f6tzchen live mit gro\u00dfen Dildos penetriert. Dort bekommst du alles also schau es dir einfach mal an und finde die f\u00fcr dich passenden Amateur Livecams in wenigen Sekunden.<\/p>\n<p><a href=\"https:\/\/www.visit-x-gutschein.net\/\" target=\"_blank\" rel=\"noopener noreferrer\">visit-x-gutschein.net<\/a><br \/>\nHier kannst du richtig geil abwichsen mit den sch\u00f6nsten M\u00e4dels, die Visit-X zu bieten hat. Viele dieser hei\u00dfen Cam Girls kennst du vielleicht auch aus dem Fernsehen. Auf dieser Seite kannst du gratis Mitglied der Visit X Gutschein Community werden und bekommst 10 \u20ac kostenlos. Du kannst aber auch f\u00fcr 30 Tage gratis VIP Mitglied im Camsex Club werden.<\/p>\n<p><a href=\"https:\/\/www.livesex20.com\/\" target=\"_blank\" rel=\"noopener noreferrer\">www.livesex20.com<\/a><br \/>\nScharfe Weiber mit sexy Webcam Shows. Supergeile Weiber komplett nackt und das 24 Stunden am Tag. Hier perverse Live Sex Fotzen die ohne Hemmungen geilen Sex online zeigen. Erlebe hier die h\u00fcbschesten Weiber und sexy Flittchen wie sich f\u00fcr dich entbl\u00e4ttern. Hier bekommst du schneller einen St\u00e4nder als bei jeder anderen obsz\u00f6nen Sex Shows<\/p>\n<p><a href=\"https:\/\/www.sexcams7.net\/\" target=\"_blank\" rel=\"noopener noreferrer\">sexcams7.net<\/a><br \/>\nEndlich kannst du dich im privaten Livecam Sex Chat mal so richtig geil gehen lassen. Deutschsprachige Schlampen \u00f6ffnen ihre Beine sehr weit f\u00fcr dich, um dir ihr feuchtes F\u00f6tzchen in die Kamera halten zu k\u00f6nnen. Du wirst hier CamtCom mit sexy Hausfrauen chatten und dabei geil abspritzen. Lass dich in die geile Welt der Sexcam Erotik entf\u00fchren und genie\u00dfe die intimen und exklusiven Livesex Shows!<\/p>\n<p><a href=\"https:\/\/sex-live.expertpagina.nl\/\" target=\"_blank\" rel=\"noopener noreferrer\">sex-live.expertpagina.nl<\/a><br \/>\nNur die besten Livesex Seiten findet man auf dieser Erotik Startseite. Alles \u00fcber hei\u00dfe Camgirls, Livecam Sex, private Sexcams und Telefonsex mit Cam findet man dort. Ein Besuch ist es Wert, um den besten Sex live im Internet geie\u00dfen zu k\u00f6nnen.<\/p>\n<div class=\"mobilead\"><a href=\"https:\/\/www.pornomeile.net\/aktuell\/sexchat\/\" target=\"_blank\" rel=\"nofollow noopener noreferrer\"><img decoding=\"async\" src=\"\/banner\/sexchat-300x250.gif\" alt=\"Livecamsex mit Girls\" \/><\/a><\/div>\n<h2>777 Livecam Girls in Cam2Cam Sex Shows mit Live Chat<\/h2>\n<p>Geile 777Livecams Weiber die f\u00fcr dich alles geben und du brauchst noch nicht einmal Geld daf\u00fcr zahlen, dass sie dir den Sack entleeren. Denn bei uns bekommst du einen Gutschein in H\u00f6he von 15 \u20ac den du sofort einl\u00f6sen kannst. So brauchst du kein Geld ausgeben bei ersten Camsex und kannst gleich noch geile Weiber per Sexchat kennen lernen. Das ist doch mal ein geiles Angebot, oder nicht? Dann nutze es doch jetzt sofort und melde dich bei uns f\u00fcr versaute Cam2Cam Sex Shows an. Unsere M\u00e4dels werden dich per Livecam so verw\u00f6hnen wie du es willst und brauchst. Attraktive Cam Frauen die man nur von 777 Livecams kennt werden in diesem Livecam Blog vorgestellt. Wer wichsende Frauen vor einer Livecam mag oder nur eine der 777 Sexchat Girls mal nackt erleben will wird an diesem Blog seine wahre Freude haben. Hei\u00dfe Sch\u00f6nheiten h\u00fcllenlos zeigen sich im Live Cam Chat zu mit dir zu plaudern. Hast du schon mal einer Frau beim Dildo Sex online zugeschaut? Vertraut mir der Besuch bei diesen sexy Frauen im Chat lohnt sich immer.<\/p>\n<p>Notgeile Amateur Sexschlampen wichsen hier ihre feuchte M\u00f6se. Echter Livecam Sex mit tabulosen Fotzen die absolut hemmungslos sich mit einem Dildo selbst ficken. Die geile Dildoshow wurde festgehalten und nun kannst du hier gratis Vorschaubilder der Live Cam Show Sehen. Einfach reinschauen und genie\u00dfen was man online an nackten Girls und scharfen Frauen sieht. Das ist Livecam Sex mit Genuss pur. Die versautesten Livecam Sex Girls zeigen sich hier wichsend live vor der Kamera um euch mit intimer Nacktheit aufzugeilen. Kostenloser Livecam Chat mit wundersch\u00f6nen Camgirls aus \u00d6sterreich. Hier testen und sich zusammen mit den versauten Camfotzen einen runterholen. Die cam2cam Shows sind beeindruckend geil.<\/p>\n<h3>Livecam Strip geiler Schlampen f\u00fcr besten Cam Sex<\/h3>\n<p>Kaum hat man sich hier beim Livecam Strip die richtig geilen Sex Fotzen heraus gesucht mit denen man es beim Livesex treiben will, kann es auch schon losgehen! Immer wieder melden sich hier neue Livecam Schlampen an welche nach Kerlen suchen dir ihnen beim Cam Sex zusehen und genau deswegen wird man hier immer etwas anderes erleben k\u00f6nnen! Langeweile wird da dann auch nicht aufkommen, schlie\u00dflich sucht man sich dann eines der Girls heraus das auch nach Live Dates steht und schon kannst du ja auch gleich mal versuchen dich mit einem solchen Flittchen zu verabreden und sp\u00e4testens, wenn du sie echt ficken kannst gibt es keine Grenzen mehr!<\/p>\n<h4>Nacktshows mit attraktiven Live Cam Gils<\/h4>\n<p>Hei\u00dfe Studentinnen im Live Camchat chatten mit dir wann immer du Lust versp\u00fcrst auf ein paar geile Stunden mit einer h\u00fcbschen Frau. Du findest selbst erotische Shows von geilen reifen Weibern die an Geilheit kaum zu \u00fcberbieten sind. Betagt aber ganz sicher noch kein Alteisen, wenn es um ihre Nacktshows mit Camchat geht. Viele versaute Weiber die es geil finden sich im www nackt zu zeigen. Solch geile Muschi-Shows gibt es sonst nur zu Hause Privat. Wer bei Google nach Live Cam Girls sucht findet meist nur irgendwelche reifen Fotzen die man kaum noch sehen mag. Unter Sex Cam Girls verstehen wir aber ansehnliche Livecam Schlampen die nach etwas aussehen. Deshalb stellen wir hier immer die h\u00fcbschesten Weiber beim Camsex vor. Chatte ganz ungest\u00f6rt mit deutschsprachigen Hausfrauen im privaten Livecam Sex Chat auf dieser Seite. Hier erwarten dich private Hausfrauen Cams mit scharfen, willigen und feuchten MILFs und reifen Frauen, die zu Hause ihr Sexleben nicht voll und ganz befriedigen k\u00f6nnen. Sie bieten dir eine einzigartige Show, ganz auf deine Bed\u00fcrfnisse zugeschnitten! Du kannst entweder den anonymen Zugang ohne Anmeldung nutzen oder dich kostenlos anmelden und 10 \u20ac Guthaben f\u00fcr eine Sexcam mit einer Hausfrau abstauben.<\/p>\n","protected":false},"excerpt":{"rendered":"<p>livesex-gutschein.com Du suchst eine g\u00fcnstige Alternative, um mit geilen Livegirls zusammen eine geile Zeit im Livecam Chat zu verbringen? Hier gibt es sagenhafte 50 Euro Guthaben geschenkt! Mit dem Live&#8230;<\/p>\n<div class=\"more-link-wrapper\"><a class=\"more-link\" href=\"https:\/\/www.pornomeile.net\/livecam-sex\/\">Weiterlesen<span class=\"screen-reader-text\">Livecamsex Seiten mit kostenfreiem Zugang und Freiminuten<\/span><\/a><\/div>\n","protected":false},"author":1,"featured_media":0,"parent":0,"menu_order":0,"comment_status":"closed","ping_status":"closed","template":"","meta":{"footnotes":""},"class_list":["post-5","page","type-page","status-publish","hentry","excerpt"],"yoast_head":"<!-- This site is optimized with the Yoast SEO plugin v27.5 - https:\/\/yoast.com\/product\/yoast-seo-wordpress\/ -->\n<title>Livecam Sex | Amateur Livecams mit Cam2Cam Chat gratis testen<\/title>\n<meta name=\"robots\" content=\"index, follow, max-snippet:-1, max-image-preview:large, max-video-preview:-1\" \/>\n<link rel=\"canonical\" href=\"https:\/\/www.pornomeile.net\/livecam-sex\/\" \/>\n<meta property=\"og:locale\" content=\"de_DE\" \/>\n<meta property=\"og:type\" content=\"article\" \/>\n<meta property=\"og:title\" content=\"Livecam Sex | Amateur Livecams mit Cam2Cam Chat gratis testen\" \/>\n<meta property=\"og:description\" content=\"livesex-gutschein.com Du suchst eine g\u00fcnstige Alternative, um mit geilen Livegirls zusammen eine geile Zeit im Livecam Chat zu verbringen? Hier gibt es sagenhafte 50 Euro Guthaben geschenkt! Mit dem Live&#8230;\" \/>\n<meta property=\"og:url\" content=\"https:\/\/www.pornomeile.net\/livecam-sex\/\" \/>\n<meta property=\"og:site_name\" content=\"Livecam Sex\" \/>\n<meta property=\"article:modified_time\" content=\"2025-08-09T12:09:31+00:00\" \/>\n<meta property=\"og:image\" content=\"https:\/\/www.pornomeile.net\/banner\/camtini.gif\" \/>\n<meta name=\"twitter:card\" content=\"summary_large_image\" \/>\n<meta name=\"twitter:label1\" content=\"Gesch\u00e4tzte Lesezeit\" \/>\n\t<meta name=\"twitter:data1\" content=\"11\u00a0Minuten\" \/>\n<script type=\"application\/ld+json\" class=\"yoast-schema-graph\">{\"@context\":\"https:\\\/\\\/schema.org\",\"@graph\":[{\"@type\":\"WebPage\",\"@id\":\"https:\\\/\\\/www.pornomeile.net\\\/livecam-sex\\\/\",\"url\":\"https:\\\/\\\/www.pornomeile.net\\\/livecam-sex\\\/\",\"name\":\"Livecam Sex | Amateur Livecams mit Cam2Cam Chat gratis testen\",\"isPartOf\":{\"@id\":\"https:\\\/\\\/www.pornomeile.net\\\/livecam-sex\\\/#website\"},\"primaryImageOfPage\":{\"@id\":\"https:\\\/\\\/www.pornomeile.net\\\/livecam-sex\\\/#primaryimage\"},\"image\":{\"@id\":\"https:\\\/\\\/www.pornomeile.net\\\/livecam-sex\\\/#primaryimage\"},\"thumbnailUrl\":\"https:\\\/\\\/www.pornomeile.net\\\/banner\\\/camtini.gif\",\"datePublished\":\"2019-03-23T08:54:36+00:00\",\"dateModified\":\"2025-08-09T12:09:31+00:00\",\"breadcrumb\":{\"@id\":\"https:\\\/\\\/www.pornomeile.net\\\/livecam-sex\\\/#breadcrumb\"},\"inLanguage\":\"de\",\"potentialAction\":[{\"@type\":\"ReadAction\",\"target\":[\"https:\\\/\\\/www.pornomeile.net\\\/livecam-sex\\\/\"]}]},{\"@type\":\"ImageObject\",\"inLanguage\":\"de\",\"@id\":\"https:\\\/\\\/www.pornomeile.net\\\/livecam-sex\\\/#primaryimage\",\"url\":\"https:\\\/\\\/www.pornomeile.net\\\/banner\\\/camtini.gif\",\"contentUrl\":\"https:\\\/\\\/www.pornomeile.net\\\/banner\\\/camtini.gif\"},{\"@type\":\"BreadcrumbList\",\"@id\":\"https:\\\/\\\/www.pornomeile.net\\\/livecam-sex\\\/#breadcrumb\",\"itemListElement\":[{\"@type\":\"ListItem\",\"position\":1,\"name\":\"Startseite\",\"item\":\"https:\\\/\\\/www.pornomeile.net\\\/livecam-sex\\\/\"},{\"@type\":\"ListItem\",\"position\":2,\"name\":\"Livecamsex Seiten mit kostenfreiem Zugang und Freiminuten\"}]},{\"@type\":\"WebSite\",\"@id\":\"https:\\\/\\\/www.pornomeile.net\\\/livecam-sex\\\/#website\",\"url\":\"https:\\\/\\\/www.pornomeile.net\\\/livecam-sex\\\/\",\"name\":\"Livecam Sex\",\"description\":\"Hei\u00dfe deutsche Webcamgirls im Livechat\",\"potentialAction\":[{\"@type\":\"SearchAction\",\"target\":{\"@type\":\"EntryPoint\",\"urlTemplate\":\"https:\\\/\\\/www.pornomeile.net\\\/livecam-sex\\\/?s={search_term_string}\"},\"query-input\":{\"@type\":\"PropertyValueSpecification\",\"valueRequired\":true,\"valueName\":\"search_term_string\"}}],\"inLanguage\":\"de\"}]}<\/script>\n<!-- \/ Yoast SEO plugin. -->","yoast_head_json":{"title":"Livecam Sex | Amateur Livecams mit Cam2Cam Chat gratis testen","robots":{"index":"index","follow":"follow","max-snippet":"max-snippet:-1","max-image-preview":"max-image-preview:large","max-video-preview":"max-video-preview:-1"},"canonical":"https:\/\/www.pornomeile.net\/livecam-sex\/","og_locale":"de_DE","og_type":"article","og_title":"Livecam Sex | Amateur Livecams mit Cam2Cam Chat gratis testen","og_description":"livesex-gutschein.com Du suchst eine g\u00fcnstige Alternative, um mit geilen Livegirls zusammen eine geile Zeit im Livecam Chat zu verbringen? Hier gibt es sagenhafte 50 Euro Guthaben geschenkt! Mit dem Live&#8230;","og_url":"https:\/\/www.pornomeile.net\/livecam-sex\/","og_site_name":"Livecam Sex","article_modified_time":"2025-08-09T12:09:31+00:00","og_image":[{"url":"https:\/\/www.pornomeile.net\/banner\/camtini.gif","type":"","width":"","height":""}],"twitter_card":"summary_large_image","twitter_misc":{"Gesch\u00e4tzte Lesezeit":"11\u00a0Minuten"},"schema":{"@context":"https:\/\/schema.org","@graph":[{"@type":"WebPage","@id":"https:\/\/www.pornomeile.net\/livecam-sex\/","url":"https:\/\/www.pornomeile.net\/livecam-sex\/","name":"Livecam Sex | Amateur Livecams mit Cam2Cam Chat gratis testen","isPartOf":{"@id":"https:\/\/www.pornomeile.net\/livecam-sex\/#website"},"primaryImageOfPage":{"@id":"https:\/\/www.pornomeile.net\/livecam-sex\/#primaryimage"},"image":{"@id":"https:\/\/www.pornomeile.net\/livecam-sex\/#primaryimage"},"thumbnailUrl":"https:\/\/www.pornomeile.net\/banner\/camtini.gif","datePublished":"2019-03-23T08:54:36+00:00","dateModified":"2025-08-09T12:09:31+00:00","breadcrumb":{"@id":"https:\/\/www.pornomeile.net\/livecam-sex\/#breadcrumb"},"inLanguage":"de","potentialAction":[{"@type":"ReadAction","target":["https:\/\/www.pornomeile.net\/livecam-sex\/"]}]},{"@type":"ImageObject","inLanguage":"de","@id":"https:\/\/www.pornomeile.net\/livecam-sex\/#primaryimage","url":"https:\/\/www.pornomeile.net\/banner\/camtini.gif","contentUrl":"https:\/\/www.pornomeile.net\/banner\/camtini.gif"},{"@type":"BreadcrumbList","@id":"https:\/\/www.pornomeile.net\/livecam-sex\/#breadcrumb","itemListElement":[{"@type":"ListItem","position":1,"name":"Startseite","item":"https:\/\/www.pornomeile.net\/livecam-sex\/"},{"@type":"ListItem","position":2,"name":"Livecamsex Seiten mit kostenfreiem Zugang und Freiminuten"}]},{"@type":"WebSite","@id":"https:\/\/www.pornomeile.net\/livecam-sex\/#website","url":"https:\/\/www.pornomeile.net\/livecam-sex\/","name":"Livecam Sex","description":"Hei\u00dfe deutsche Webcamgirls im Livechat","potentialAction":[{"@type":"SearchAction","target":{"@type":"EntryPoint","urlTemplate":"https:\/\/www.pornomeile.net\/livecam-sex\/?s={search_term_string}"},"query-input":{"@type":"PropertyValueSpecification","valueRequired":true,"valueName":"search_term_string"}}],"inLanguage":"de"}]}},"_links":{"self":[{"href":"https:\/\/www.pornomeile.net\/livecam-sex\/wp-json\/wp\/v2\/pages\/5","targetHints":{"allow":["GET"]}}],"collection":[{"href":"https:\/\/www.pornomeile.net\/livecam-sex\/wp-json\/wp\/v2\/pages"}],"about":[{"href":"https:\/\/www.pornomeile.net\/livecam-sex\/wp-json\/wp\/v2\/types\/page"}],"author":[{"embeddable":true,"href":"https:\/\/www.pornomeile.net\/livecam-sex\/wp-json\/wp\/v2\/users\/1"}],"replies":[{"embeddable":true,"href":"https:\/\/www.pornomeile.net\/livecam-sex\/wp-json\/wp\/v2\/comments?post=5"}],"version-history":[{"count":41,"href":"https:\/\/www.pornomeile.net\/livecam-sex\/wp-json\/wp\/v2\/pages\/5\/revisions"}],"predecessor-version":[{"id":95,"href":"https:\/\/www.pornomeile.net\/livecam-sex\/wp-json\/wp\/v2\/pages\/5\/revisions\/95"}],"wp:attachment":[{"href":"https:\/\/www.pornomeile.net\/livecam-sex\/wp-json\/wp\/v2\/media?parent=5"}],"curies":[{"name":"wp","href":"https:\/\/api.w.org\/{rel}","templated":true}]}}