{"id":5,"date":"2019-03-23T09:51:41","date_gmt":"2019-03-23T08:51:41","guid":{"rendered":"http:\/\/www.pornomeile.net\/huren\/?page_id=5"},"modified":"2025-03-12T10:41:38","modified_gmt":"2025-03-12T09:41:38","slug":"huren","status":"publish","type":"page","link":"https:\/\/www.pornomeile.net\/huren\/","title":{"rendered":"Geile Nutten f\u00fcr einen Fick auch in deiner Stadt gratis finden"},"content":{"rendered":"<p><a href=\"https:\/\/www.huren-sexcams.com\/\" target=\"_blank\" rel=\"noopener noreferrer\">huren-sexcams.com<\/a><br \/>\nHier sind sie, die deutschen Huren Sexcams mit deutschen Frauen, die als Webcamgirls ihr Geld verdienen. Die &#8222;Cam Whores&#8220;, wie Camgirls auch genannt werden sind f\u00fcr die jeden Tag rund um die Uhr im privaten Livechat erreichbar. Trotzdem sind es nat\u00fcrlich alles Amateur Girls, die du privat kennenlernen und sogar treffen kannst. So nah kommst du sonst nie an Frauen aus deiner Stadt ran und kannst ihnen ungest\u00f6rt beim Livesex zusehen und mit ihnen ganz ungest\u00f6rt chatten. Bei den Huren Cams bekommst du sogar grandiose 100 Freiminuten geschenkt, wenn du dich jetzt gratis und unverbindlich anmeldest. Schau es dir einfach mal an und nutze die 100 Gratis Sexcam Minuten als Geschenk f\u00fcr einen Sexchat mit einem hei\u00dfen Livegirl oder schau dir die privaten Videoclips der Girls an.<\/p>\n<p><a href=\"https:\/\/www.geldherrin-chat.com\/\" target=\"_blank\" rel=\"noopener noreferrer\">geldherrin-chat.com<\/a><br \/>\nHey Geldsklave &#8211; suchst du eine Herrin, die dir das Geld aus der Tasche zieht? Dann ist der Geldherrin Chat genau das Richtige f\u00fcr dich. Hier sind Hobbyhuren im Geldherrin Chat unterwegs, die deine Geldb\u00f6rse dezimieren und dich beherrschen m\u00f6chten. Schau dir das Ganze ruhig mal an und begib dich in die H\u00e4nde erfahrener und erbarmungsloser Moneydoms, die nur deine Kohle wollen. Daf\u00fcr ist dir ihre Aufmerksamkeit nat\u00fcrlich garantiert, solange du nur 9mmer sch\u00f6n zahlst. Chatte mit erfahrenen Geldherrinnen aus dem deutschsprachigen Raum. Vielleicht darfst du ja mal mit einer Money Domina shoppen gehen, um ihr etwas Sch\u00f6nes zu kaufen&#8230;<\/p>\n<div class=\"mobileadtoo\"><a href=\"https:\/\/www.pornomeile.net\/aktuell\/community\/\" target=\"_blank\" rel=\"nofollow noopener noreferrer\"><img loading=\"lazy\" decoding=\"async\" src=\"https:\/\/www.pornomeile.net\/banner\/heuteficken.gif\" width=\"350\" height=\"250\" alt=\"heute noch ficken\" \/><\/a><\/div>\n<p><a href=\"https:\/\/www.pornodarsteller-werden.org\/\" target=\"_blank\" rel=\"noopener noreferrer\">pornodarsteller-werden.org<\/a><br \/>\nHier kannst du der n\u00e4chste deutsche Amateur Porno Star werden. Auf dieser Seite suchen Frauen Drehpartner f\u00fcr ihre hei\u00dfen Amateur Sexfilme. Du kannst kostenlos teilnehmen und bekommst vielleicht schon heute eine geile Sexpartnerin zugeteilt. Und das Geilste ist, dass es hier nicht einmal ein Pornocasting zu absolvieren gibt. Einfach mitmachen und mit wechselnden Partnerinnen ficken. Pornodarsteller zu werden, das war nie einfacher als heute. Nat\u00fcrlich handelt es sich bei den Girls nicht prim\u00e4r um Huren, sondern um ganz normale Hausfrauen und Gesch\u00e4ftsfrauen, die als Hobbynutten und Amateur Porno Darstellerinnen ihr Geld verdienen.<\/p>\n<p><a href=\"https:\/\/www.prostituierte.net\/\" target=\"_blank\" rel=\"noopener noreferrer\">prostituierte.net<\/a><br \/>\nDieses Portal bietet dir alle aktuellen Infos zur Rotlicht-Szene. Du findest hier Adressen von Bordellen, Hobbyhuren, Callgirls und auch Dominas. Geile Berichte und Geschichten aus dem Rotlicht-Milieu. Des Weiteren stellen sich hier Huren vor und du kannst sie kontaktieren, um ein Sextreffen oder einen Hausbesuch zu verabreden. Schau also dort mal vorbei und informiere dich, wie du deine sexuellen Triebe am besten umsetzen und befriedigen lassen kannst.<\/p>\n<p><a href=\"https:\/\/www.rastplatz-sex.com\/\" target=\"_blank\" rel=\"noopener noreferrer\">rastplatz-sex.com<\/a><br \/>\nTausende Frauen suchen Sexpartner f\u00fcr Parkplatzsex &#8211; man muss nur wissen, wie man sie findet! In dieser Community f\u00fcr Rastplatzsex kannst du gezielt nach Parkplatz Sex Treffen mit Hobbyhuren suchen. Erfahre, wer wo und wann anzutreffen ist. Dabei kannst du aktiv als Fick Partner aktiv werden oder ganz passiv als Beobachter erfahren, an welchem Autobahn-Rastplatz das der n\u00e4chste Parkplatzfick stattfinden, dem du als Voyeur ganz ungest\u00f6rt und ungeniert beiwohnen kannst.<\/p>\n<div class=\"mobileadtoo\"><a href=\"https:\/\/www.pornomeile.net\/aktuell\/community\/\" target=\"_blank\" rel=\"nofollow noopener noreferrer\"><img loading=\"lazy\" decoding=\"async\" src=\"https:\/\/www.pornomeile.net\/banner\/vernach.gif\" width=\"350\" height=\"250\" alt=\"finde Sexdates\" \/><\/a><\/div>\n<p><a href=\"https:\/\/www.sexpartner-community.net\/\" target=\"_blank\" rel=\"noopener noreferrer\">sexpartner-community.net<\/a><br \/>\nDu willst unbedingt mal wieder geil ficken und suchst daf\u00fcr ganz unkompliziert und flott eine Sexpartnerin oder ein Paar, welches deine sexuellen Vorlieben mit dir teilt und ausleben will? In dieser Sex Partner Community findest du neben ganz &#8222;normalen&#8220; Frauen auch Hobbynutten und Taschengeldladies, die eine Menge Spa\u00df haben wollen, sofern du ein kleines Taschengeld an sie zahlen m\u00f6chtest. Du kannst hier auch Frauen aus deiner N\u00e4he finden, sobald du als kostenloses Mitglied Zugang zur riesigen Datingdatenbank hast.<\/p>\n","protected":false},"excerpt":{"rendered":"<p>huren-sexcams.com Hier sind sie, die deutschen Huren Sexcams mit deutschen Frauen, die als Webcamgirls ihr Geld verdienen. Die &#8222;Cam Whores&#8220;, wie Camgirls auch genannt werden sind f\u00fcr die jeden Tag&#8230;<\/p>\n<div class=\"more-link-wrapper\"><a class=\"more-link\" href=\"https:\/\/www.pornomeile.net\/huren\/\">Weiterlesen<span class=\"screen-reader-text\">Geile Nutten f\u00fcr einen Fick auch in deiner Stadt gratis finden<\/span><\/a><\/div>\n","protected":false},"author":1,"featured_media":0,"parent":0,"menu_order":0,"comment_status":"closed","ping_status":"closed","template":"","meta":{"footnotes":""},"class_list":["post-5","page","type-page","status-publish","hentry","excerpt"],"yoast_head":"<!-- This site is optimized with the Yoast SEO plugin v27.4 - https:\/\/yoast.com\/product\/yoast-seo-wordpress\/ -->\n<title>Huren privat | Deutsche Hobbyhuren f\u00fcr Sextreffen und Livesex<\/title>\n<meta name=\"robots\" content=\"index, follow, max-snippet:-1, max-image-preview:large, max-video-preview:-1\" \/>\n<link rel=\"canonical\" href=\"https:\/\/www.pornomeile.net\/huren\/\" \/>\n<meta property=\"og:locale\" content=\"de_DE\" \/>\n<meta property=\"og:type\" content=\"article\" \/>\n<meta property=\"og:title\" content=\"Huren privat | Deutsche Hobbyhuren f\u00fcr Sextreffen und Livesex\" \/>\n<meta property=\"og:description\" content=\"huren-sexcams.com Hier sind sie, die deutschen Huren Sexcams mit deutschen Frauen, die als Webcamgirls ihr Geld verdienen. Die &#8222;Cam Whores&#8220;, wie Camgirls auch genannt werden sind f\u00fcr die jeden Tag&#8230;\" \/>\n<meta property=\"og:url\" content=\"https:\/\/www.pornomeile.net\/huren\/\" \/>\n<meta property=\"og:site_name\" content=\"Huren privat\" \/>\n<meta property=\"article:modified_time\" content=\"2025-03-12T09:41:38+00:00\" \/>\n<meta property=\"og:image\" content=\"https:\/\/www.pornomeile.net\/banner\/heuteficken.gif\" \/>\n<meta name=\"twitter:card\" content=\"summary_large_image\" \/>\n<meta name=\"twitter:label1\" content=\"Gesch\u00e4tzte Lesezeit\" \/>\n\t<meta name=\"twitter:data1\" content=\"4\u00a0Minuten\" \/>\n<script type=\"application\/ld+json\" class=\"yoast-schema-graph\">{\"@context\":\"https:\\\/\\\/schema.org\",\"@graph\":[{\"@type\":\"WebPage\",\"@id\":\"https:\\\/\\\/www.pornomeile.net\\\/huren\\\/\",\"url\":\"https:\\\/\\\/www.pornomeile.net\\\/huren\\\/\",\"name\":\"Huren privat | Deutsche Hobbyhuren f\u00fcr Sextreffen und Livesex\",\"isPartOf\":{\"@id\":\"https:\\\/\\\/www.pornomeile.net\\\/huren\\\/#website\"},\"primaryImageOfPage\":{\"@id\":\"https:\\\/\\\/www.pornomeile.net\\\/huren\\\/#primaryimage\"},\"image\":{\"@id\":\"https:\\\/\\\/www.pornomeile.net\\\/huren\\\/#primaryimage\"},\"thumbnailUrl\":\"https:\\\/\\\/www.pornomeile.net\\\/banner\\\/heuteficken.gif\",\"datePublished\":\"2019-03-23T08:51:41+00:00\",\"dateModified\":\"2025-03-12T09:41:38+00:00\",\"breadcrumb\":{\"@id\":\"https:\\\/\\\/www.pornomeile.net\\\/huren\\\/#breadcrumb\"},\"inLanguage\":\"de\",\"potentialAction\":[{\"@type\":\"ReadAction\",\"target\":[\"https:\\\/\\\/www.pornomeile.net\\\/huren\\\/\"]}]},{\"@type\":\"ImageObject\",\"inLanguage\":\"de\",\"@id\":\"https:\\\/\\\/www.pornomeile.net\\\/huren\\\/#primaryimage\",\"url\":\"https:\\\/\\\/www.pornomeile.net\\\/banner\\\/heuteficken.gif\",\"contentUrl\":\"https:\\\/\\\/www.pornomeile.net\\\/banner\\\/heuteficken.gif\"},{\"@type\":\"BreadcrumbList\",\"@id\":\"https:\\\/\\\/www.pornomeile.net\\\/huren\\\/#breadcrumb\",\"itemListElement\":[{\"@type\":\"ListItem\",\"position\":1,\"name\":\"Startseite\",\"item\":\"https:\\\/\\\/www.pornomeile.net\\\/huren\\\/\"},{\"@type\":\"ListItem\",\"position\":2,\"name\":\"Geile Nutten f\u00fcr einen Fick auch in deiner Stadt gratis finden\"}]},{\"@type\":\"WebSite\",\"@id\":\"https:\\\/\\\/www.pornomeile.net\\\/huren\\\/#website\",\"url\":\"https:\\\/\\\/www.pornomeile.net\\\/huren\\\/\",\"name\":\"Huren privat\",\"description\":\"Deutsche Hobbynutten f\u00fcr schnellen Sex\",\"potentialAction\":[{\"@type\":\"SearchAction\",\"target\":{\"@type\":\"EntryPoint\",\"urlTemplate\":\"https:\\\/\\\/www.pornomeile.net\\\/huren\\\/?s={search_term_string}\"},\"query-input\":{\"@type\":\"PropertyValueSpecification\",\"valueRequired\":true,\"valueName\":\"search_term_string\"}}],\"inLanguage\":\"de\"}]}<\/script>\n<!-- \/ Yoast SEO plugin. -->","yoast_head_json":{"title":"Huren privat | Deutsche Hobbyhuren f\u00fcr Sextreffen und Livesex","robots":{"index":"index","follow":"follow","max-snippet":"max-snippet:-1","max-image-preview":"max-image-preview:large","max-video-preview":"max-video-preview:-1"},"canonical":"https:\/\/www.pornomeile.net\/huren\/","og_locale":"de_DE","og_type":"article","og_title":"Huren privat | Deutsche Hobbyhuren f\u00fcr Sextreffen und Livesex","og_description":"huren-sexcams.com Hier sind sie, die deutschen Huren Sexcams mit deutschen Frauen, die als Webcamgirls ihr Geld verdienen. Die &#8222;Cam Whores&#8220;, wie Camgirls auch genannt werden sind f\u00fcr die jeden Tag&#8230;","og_url":"https:\/\/www.pornomeile.net\/huren\/","og_site_name":"Huren privat","article_modified_time":"2025-03-12T09:41:38+00:00","og_image":[{"url":"https:\/\/www.pornomeile.net\/banner\/heuteficken.gif","type":"","width":"","height":""}],"twitter_card":"summary_large_image","twitter_misc":{"Gesch\u00e4tzte Lesezeit":"4\u00a0Minuten"},"schema":{"@context":"https:\/\/schema.org","@graph":[{"@type":"WebPage","@id":"https:\/\/www.pornomeile.net\/huren\/","url":"https:\/\/www.pornomeile.net\/huren\/","name":"Huren privat | Deutsche Hobbyhuren f\u00fcr Sextreffen und Livesex","isPartOf":{"@id":"https:\/\/www.pornomeile.net\/huren\/#website"},"primaryImageOfPage":{"@id":"https:\/\/www.pornomeile.net\/huren\/#primaryimage"},"image":{"@id":"https:\/\/www.pornomeile.net\/huren\/#primaryimage"},"thumbnailUrl":"https:\/\/www.pornomeile.net\/banner\/heuteficken.gif","datePublished":"2019-03-23T08:51:41+00:00","dateModified":"2025-03-12T09:41:38+00:00","breadcrumb":{"@id":"https:\/\/www.pornomeile.net\/huren\/#breadcrumb"},"inLanguage":"de","potentialAction":[{"@type":"ReadAction","target":["https:\/\/www.pornomeile.net\/huren\/"]}]},{"@type":"ImageObject","inLanguage":"de","@id":"https:\/\/www.pornomeile.net\/huren\/#primaryimage","url":"https:\/\/www.pornomeile.net\/banner\/heuteficken.gif","contentUrl":"https:\/\/www.pornomeile.net\/banner\/heuteficken.gif"},{"@type":"BreadcrumbList","@id":"https:\/\/www.pornomeile.net\/huren\/#breadcrumb","itemListElement":[{"@type":"ListItem","position":1,"name":"Startseite","item":"https:\/\/www.pornomeile.net\/huren\/"},{"@type":"ListItem","position":2,"name":"Geile Nutten f\u00fcr einen Fick auch in deiner Stadt gratis finden"}]},{"@type":"WebSite","@id":"https:\/\/www.pornomeile.net\/huren\/#website","url":"https:\/\/www.pornomeile.net\/huren\/","name":"Huren privat","description":"Deutsche Hobbynutten f\u00fcr schnellen Sex","potentialAction":[{"@type":"SearchAction","target":{"@type":"EntryPoint","urlTemplate":"https:\/\/www.pornomeile.net\/huren\/?s={search_term_string}"},"query-input":{"@type":"PropertyValueSpecification","valueRequired":true,"valueName":"search_term_string"}}],"inLanguage":"de"}]}},"_links":{"self":[{"href":"https:\/\/www.pornomeile.net\/huren\/wp-json\/wp\/v2\/pages\/5","targetHints":{"allow":["GET"]}}],"collection":[{"href":"https:\/\/www.pornomeile.net\/huren\/wp-json\/wp\/v2\/pages"}],"about":[{"href":"https:\/\/www.pornomeile.net\/huren\/wp-json\/wp\/v2\/types\/page"}],"author":[{"embeddable":true,"href":"https:\/\/www.pornomeile.net\/huren\/wp-json\/wp\/v2\/users\/1"}],"replies":[{"embeddable":true,"href":"https:\/\/www.pornomeile.net\/huren\/wp-json\/wp\/v2\/comments?post=5"}],"version-history":[{"count":17,"href":"https:\/\/www.pornomeile.net\/huren\/wp-json\/wp\/v2\/pages\/5\/revisions"}],"predecessor-version":[{"id":58,"href":"https:\/\/www.pornomeile.net\/huren\/wp-json\/wp\/v2\/pages\/5\/revisions\/58"}],"wp:attachment":[{"href":"https:\/\/www.pornomeile.net\/huren\/wp-json\/wp\/v2\/media?parent=5"}],"curies":[{"name":"wp","href":"https:\/\/api.w.org\/{rel}","templated":true}]}}