{"id":4,"date":"2019-03-23T09:35:35","date_gmt":"2019-03-23T08:35:35","guid":{"rendered":"http:\/\/www.pornomeile.net\/camsex\/?page_id=4"},"modified":"2025-08-09T14:05:37","modified_gmt":"2025-08-09T12:05:37","slug":"camsex","status":"publish","type":"page","link":"https:\/\/www.pornomeile.net\/camsex\/","title":{"rendered":"Private Cams und Cam2Cam Livechat mit Gratiszugang"},"content":{"rendered":"<p><a href=\"https:\/\/www.camsex-live.net\/\" target=\"_blank\" rel=\"noopener noreferrer\">camsex-live.net<\/a><br \/>\nCam2Cam mit hei\u00dfen deutschsprachigen Frauen wichsen und chatten. Genau das Kannst du auf dieser geilen Camsex Seite erleben. Hei\u00dfe Amateur Luder wie Mila Elaine, Mira Grey, Nele Sweet oder auch Mary Wet aus \u00d6sterreich heizen dir gewaltig ein! Entscheide selbst ob du gleich Camsex live mit einem sexy jungen Camgirl wie Lia Fox, einer erfahrenen MILF wie Dirty Tina oder mit einer Domina wie Cruel Alice haben m\u00f6chtest. Der Zutritt ist kostenlos.<\/p>\n<p><a href=\"https:\/\/www.camsex.life\/\" target=\"_blank\" rel=\"noopener noreferrer\">camsex.life<\/a><br \/>\nVersaute Frauen gehen vor der Cam geil ab. Sie masturbieren und bieten dir deine ganz eigene Camsex Show ganz ohne Tabus. Hier kannst du all deine sexuellen Bed\u00fcrfnisse s\u00e4ttigen und dabei geil mit den Camgirls abspritzen. Hei\u00dfe Frauen besorgen es dir auch gerne im privaten Separee, dem Cam 2 Cam Livechat. Alles was du brauchst f\u00fcr 100%ige Befriedigung bietet dir dieses moderne Livecam Sex Portal. Der Zugang zu den Webcams ist selbstverst\u00e4ndlich kostenlos und du kannst dir mit wenigen Klicks ganz sicher und diskret neues Guthaben f\u00fcr die Cam Sex Shows aufladen. Beachte die internen Rabatt-Aktionen und Gewinnspiele f\u00fcr regelm\u00e4\u00dfige Freiminuten.<\/p>\n<p><a href=\"https:\/\/www.camsex-live.ch\/\" target=\"_blank\" rel=\"noopener noreferrer\">camsex-live.ch<\/a><br \/>\nPrivater Camsex Club mit Frauen aus der Schweiz, aus Deutschland und aus \u00d6sterreich. Hier kommen Livestrip Girls mit ihren Fans im 1:1 Cam Sex Chat zusammen. Du kannst also direkt mit Schweizer Maitli chatten, ihnen dabei zusehen, wie sie sich vor der Cam ausziehen und sich selbstbefriedigen. Diese Community bietet dir au\u00dferdem die M\u00f6glichkeit, Cam to Cam mit deutschsprachigen Frauen ganz intime Kontakte zu pflegen, dich sogar zu realen Sextreffen mit ihnen zu verabreden. Probiere es doch mal aus, der Zugang ist hier kostenfrei und unverbindlich.<\/p>\n<div class=\"mobileadtoo\"><a href=\"https:\/\/www.pornomeile.net\/aktuell\/cams\/\" target=\"_blank\" rel=\"nofollow noopener noreferrer\"><img loading=\"lazy\" decoding=\"async\" src=\"https:\/\/www.pornomeile.net\/banner\/camtini.gif\" width=\"350\" height=\"250\" alt=\"Amateur Cams\" \/><\/a><\/div>\n<p><a href=\"https:\/\/www.camsexlive24.net\/\" target=\"_blank\" rel=\"noopener noreferrer\">camsexlive24.net<\/a><br \/>\nPrivater deutscher Camsex ist mittlerweile schwer zu finden, wenn man Qualit\u00e4t und die besten Features haben will. Diese Cam Sex Community bietet dir alles, um richtig geil mit Frauen zusammen vor der Livecam und im Camchat abzuspritzen. Auf dich warten sexy Frauen jeder Altersklasse und au\u00dferdem gibt es verschiedene Fetisch Livecams. Im Dating Chat wirst du dich mit Frauen zum realen Sex verabreden k\u00f6nnen. Die Telefonsex Cams bieten dir die Chance, ganz privat mit Frauen am Telefon zu sprechen und sie dabei zus\u00e4tzlich kostenlos vor der Livecam zu sehen. Wenn das nicht geil ist &#8211; schau einfach mal dort vorbei und besorge dir den kostenlosen Zugang mit Freiminuten f\u00fcr privaten und exklusiven Cam Sex.<\/p>\n<p><a href=\"https:\/\/www.camsex247.net\/\" target=\"_blank\" rel=\"noopener noreferrer\">camsex247.net<\/a><br \/>\nUnglaublich geil, was du auf diesem Cam Sex Portal erleben wirst. Zun\u00e4chst besorgst du dir den 10 Euro Gutschein, den es dort sofort f\u00fcr dich gibt. Alternativ kannst du auch anonym anrufen und direkt in den Sex Cam Chat gehen. In beiden F\u00e4llen kannst du dir direkt ein geiles Live Cam Girl schnappen und mit ihr zusammen wichsen. Auch der Cam zu Cam Modus ist eine sehr geile Sache! Probiere es einfach mal aus, denn hier erlebst du 24 Stunden am Tag und 7 Tage die Woche den geilsten Cam Sex unzensiert live! Selbstverst\u00e4ndlich kannst du kostenlos und direkt Mitglied werden.<\/p>\n<p><a href=\"https:\/\/www.camsex-amateure.net\/\" target=\"_blank\" rel=\"noopener noreferrer\">camsex-amateure.net<\/a><br \/>\nSexcams mit Chat erwarten dich auf diesem Portal f\u00fcr Amateur Camsex der Extraklasse. Hier findest du rund um die Uhr geile Frauen, Paare, Transen und Fetischcams. Sogar mit Transen kannst du dort im Camchat eine geile Show erleben. Das Beste kommt aber jetzt &#8211; der Zugang ist kostenlos und du bekommst sogar noch ein Gratisvideo eines Camgirls geschenkt, wenn du dich kostenfrei registriert hast. Falls du dich gar nicht anmelden m\u00f6chtest und lieber anonym bleiben magst, gibt es f\u00fcr dich den anonymen Telefon Sofortzugang.<\/p>\n<p><a href=\"https:\/\/www.camsex-chat.net\/\" target=\"_blank\" rel=\"noopener noreferrer\">camsex-chat.net<\/a><br \/>\nLust auf 50 Euro Cam Sex Guthaben &#8211; ganz umsonst, geschenkt und direkt nutzbar? Dann schau mal auf diesem Livechatportal vorbei und schau dich nach diesem Angebot f\u00fcr privaten Webcamsex um. Das ist wirklich ein guter Deal. Alles, was du f\u00fcr dieses Start-Guthaben tun musst ist, dich dort kostenlos zu registrieren. Danach kannst du die Sexcams direkt unverbindlich ausprobieren. Deutschlands hei\u00dfeste Livestrip Damen warten bereits ganz sehns\u00fcchtig auf deine W\u00fcnsche. Sie werden all deine geilen Vorstellungen und Tr\u00e4ume im privaten Camsex Chat zu weit direkt umsetzen. Hier ist der Kunde noch K\u00f6nig!<\/p>\n<p><a href=\"https:\/\/www.camsex-gutschein.com\/\" rel=\"noopener noreferrer\" target=\"_blank\">camsex-gutschein.com<\/a><br \/>\nLass dich doch mal von richtig geilen Livestrip Girls im privaten Camsex Chat verw\u00f6hnen! Du bekommst von den scharfe Sexcam Girls auf dieser Seite einen exklusiven 50 \u20ac Gutschein geschenkt, den du auch direkt f\u00fcr eine oder mehrere Shows einl\u00f6sen kannst. Also ab mit dir zu dieser Seite und dann warten \u00fcber 6000 geile Camgirls darauf, es dir im Sexchat richtig heftig mit geilem Cam Sex zu besorgen.<\/p>\n<p><a href=\"https:\/\/www.camsexgirls24.com\/\" rel=\"noopener noreferrer\" target=\"_blank\">camsexgirls24.com<\/a><br \/>\nGeile deutsche Camsex Girls findest du hier 24 Stunden am Tag im privaten Sexcam Chat vor. Besuche dieses Camportal und schau genau hin &#8211; denn dort findest du einen Gutschein \u00fcber 10 \u20ac f\u00fcr den Livechat mit scharfen Girls. Schnapp dir einfach ein geiles Livegirl und verbringe eine hei\u00dfe Zeit mit ihr im Camchat. Die Mitgliedschaft ist nat\u00fcrlich kostenfrei und unverbindlich. Als Mitglied kannst du sofort den Camsex Chat betreten und mit sexy Amateur Damen chatten.<\/p>\n<p><a href=\"https:\/\/www.camsex-privat.com\/\" target=\"_blank\" rel=\"noopener noreferrer\">camsex-privat.com<\/a><br \/>\nGenie\u00dfe intimen Camsex Chat mit versauten Amateuren, die dir hautnah ihre Leidenschaft zeigen. Beim privater Camsex erlebst du ungefilterte Erotik und echte Lust vor der Kamera. Teste die Gratis Camsex Chats und lass dich von den hei\u00dfen Shows der Amateur-Girls verf\u00fchren. Mit Cam2Cam Camsex wird dein Erlebnis noch intensiver &#8211; die notgeilen Frauen reagieren live auf deine Aktionen und teilen ihre Lust mit dir. Die tabulosen Amateure erf\u00fcllen dir jeden Wunsch und zeigen dir ungeniert ihre feuchten Spalten. Hier findest du jederzeit scharfe Girls, die es kaum erwarten k\u00f6nnen, sich dir zu pr\u00e4sentieren.<\/p>\n<p><a href=\"https:\/\/www.camsex666.com\/\" rel=\"noopener noreferrer\" target=\"_blank\">camsex666.com<\/a><br \/>\nLass dich mal wieder so richtig sch\u00f6n von deutschen Livecam Girls verw\u00f6hnen. Auf diesem Camsex Portal erster Klasse erwartet dich ein wahres Feuerwerk an geilen Frauen, die deine harte Lunte zum Gl\u00fchen bringen werden! Nat\u00fcrlich kannst du einen kostenlosen Zugang buchen, mit dem du auch gleich kostenlos eine Sexcam mit einem hei\u00dfen Cam Sex Livegirl testen kannst. Also worauf wartest du, schau mal hier vorbei.<\/p>\n<div class=\"mobilead\"><a href=\"https:\/\/www.pornomeile.net\/aktuell\/sexchat\/\" target=\"_blank\" rel=\"nofollow noopener noreferrer\"><img decoding=\"async\" src=\"\/banner\/sexchat-300x250.gif\" alt=\"Camsex live\" \/><\/a><\/div>\n<p><a href=\"https:\/\/www.camgirls6.com\/\" rel=\"noopener noreferrer\" target=\"_blank\">camgirls6.com<\/a><br \/>\nSchluss mit der verzweifelten Suche nach Deutschlands geilsten Camgirls! Hier findest du richtig scharfe Hausfrauen, sexy Teens ab 18 Jahren aber auch extrem versaute Transen und reife Omas. 100% authentischer deutscher Livecam Sex der Extraklasse erwartet dich auf diesem Camportal. Nat\u00fcrlich wollen wir dir nicht vorenthalten, dass du eine Sexcam nach Wahl hier kostenlos testen kannst. Also los, w\u00e4hle dir ein geiles Cam Girl aus und genie\u00dfe den geilen Camsex mit Cam2Cam Sexchat.<\/p>\n<p><a href=\"https:\/\/www.camtocam1.com\/\" rel=\"noopener noreferrer\" target=\"_blank\">camtocam1.com<\/a><br \/>\nExtrem geile deutsche Sexcamgirls wollen es dir bei einer Cam to Cam Sex Show mal so richtig heftig besorgen. Besitzt du eine eigene Webcam? Dann kassiere hier auf dieser Webseite 50 Euro Guthaben f\u00fcr privaten Livesex, bei dem du und das Livegirl euch gegenseitig beim Wichsen und Masturbieren zuschauen k\u00f6nnt. So kommt ihr gemeinsam und k\u00f6nnt sch\u00f6n in die Webcam spritzen. Worauf wartest du Gro\u00dfer?<\/p>\n<p><a href=\"https:\/\/www.camsexgratis.net\/\" rel=\"noopener noreferrer\" target=\"_blank\">camsexgratis.net<\/a><br \/>\nUnglaublich, wie hei\u00df privater Cam Sex sein kann, wenn man selbst bestimmen kann, was die Camgirls vor der Webcam tun. Damit du in den vollen Genuss dieser privaten Shows kommen kannst, hilft dir diese Informationsseite weiter. Au\u00dferdem gibt es dort nat\u00fcrlich Freiminuten, damit du kostenlos Camsex ausprobieren kannst. Wenn du einen Facebook-Account hast, kannst du damit direkt zu den Girls.<\/p>\n<p><a href=\"https:\/\/www.camsex-gratis.com\/\" target=\"_blank\" rel=\"noopener noreferrer\">camsex-gratis.com<\/a><br \/>\nZuschauen beim Camsex, wichsen und auf Wunsch ebenfalls vom Camgirl gesehen werden &#8211; das kannst du hier erleben. Diese versauten Cam-Girls sind f\u00fcr alles offen und strippen f\u00fcr dich vor ihrer eigenen Webcam. Du bekommst hier kostenfreies Guthaben geschenkt, das du zum Ausprobieren des Camsex Chats verwenden kannst. Lass dich mal so richtig geil gehen und genie\u00dfe den Camsexchat mit hei\u00dfen Amateur Live Girls.<\/p>\n<p><a href=\"https:\/\/www.camsex-ficken.com\/\" target=\"_blank\" rel=\"noopener noreferrer\">camsex-ficken.com<\/a><br \/>\nCamsex ficken ist eine gute Sache, wenn man es sich nach einem schweren Tag selbst machen will. Hier erwarten dich n\u00e4mlich die geilsten Weiber vor ihren Webcams nur damit sie es mit dir zusammen tun k\u00f6nnen. Und das machen sie auch nur gern, weil sie von Natur aus so geil und verdorben sind, dass es gar nicht anders k\u00f6nnen.<\/p>\n<div class=\"mobileadtoo\"><a href=\"https:\/\/www.pornomeile.net\/aktuell\/cams\/\" target=\"_blank\" rel=\"nofollow noopener noreferrer\"><img loading=\"lazy\" decoding=\"async\" src=\"https:\/\/www.pornomeile.net\/banner\/camstart.gif\" width=\"350\" height=\"250\" alt=\"Livecams starten\" \/><\/a><\/div>\n<p><a href=\"https:\/\/www.hd-camsex.com\/\" target=\"_blank\" rel=\"noopener noreferrer\">hd-camsex.com<\/a><br \/>\nWenn du Bock auf geilen Camsex hast, der dann auch noch in Full HD zur Verf\u00fcgung steht. Dann solltest du dich ganz schnell kostenlos bei uns anmelden. Hier bei uns kannst du versaute Livesexgirls in High Definition masturbieren sehen. Das ist schon ein sehr geiles Erlebnis was den Livesex selbstverst\u00e4ndlich noch viel geiler macht. Somit wirst du auch mehr Befriedigung bekommen. Weil der Sexchat dos mehr ins Detail geht als auch die Lust steigert. Teste es einfach mal aus, die Anmeldung bei uns ist kostenlos damit du dich in aller Ruhe umsehen kannst um dir einen ersten Eindruck von unserem Angebot machen zu k\u00f6nnen.<\/p>\n<p><a href=\"https:\/\/www.frauenbeimcamsex.com\/\" target=\"_blank\" rel=\"noopener noreferrer\">frauenbeimcamsex.com<\/a><br \/>\nFrauen beim Camsex sehen ist fast so als w\u00fcrde man richtig ficken. Denn was diese Luder beim Sex vor der Cam alles zu machen ist schon wirklich das Beste was du beim Livesex sehen kannst. Schau es dir doch einfach mal an. Du kannst dich bei unserem Sexchat Portal kostenlos registrieren und dann sofort mit unseren Sexcam Ludern im Sexchat schreiben und ihnen sagen was du gern sehen w\u00fcrdest.<\/p>\n<p><a href=\"https:\/\/www.cam-sex-girls.com\/\" target=\"_blank\" rel=\"noopener noreferrer\">cam-sex-girls.com<\/a><br \/>\nCam Sex Girls die immer nur ans Ficken denken k\u00f6nnen und somit auch alles zeigen was damit zu tun hat. Du bekommst hier bei uns wirklich geilen Livesex mit jungen Frauen die sich gern nackt und beim masturbieren zeigen. Du kannst auch gern deine ganz pers\u00f6nlichen, sexuellen W\u00fcnsche erf\u00fcllt bekommen. Dazu reicht es dem Camsexgirl per Sexchat zu sagen was du sehen willst und schon kann es losgehen.<\/p>\n<p><a href=\"https:\/\/www.amateur-camsex.com\/\" target=\"_blank\" rel=\"noopener noreferrer\">amateur-camsex.com<\/a><br \/>\nAmateur Camsex mit geilen, privaten Weibern, die immer feuchte M\u00f6sen haben und diese dann nat\u00fcrlich auch sehr gern pr\u00e4sentieren. Hier kannst du mit echten Amateursexgirls live chatten und dich von ihnen verw\u00f6hnen lassen. Sie werden dir die Dildo Shows zeigen, die du sehen willst. Du kannst auch mit ihnen gemeinsam wichsen und zum Orgasmus kommen. Alles was das Thema Livesex anbelangt, ist mit unseren geilen Amateurludern beim Sex vor der Webcam m\u00f6glich. Teste es doch jetzt einfach mal, die Registrierung ist in jedem Fall kostenfrei<\/p>\n<div class=\"mobileadtoo\"><a href=\"https:\/\/www.pornomeile.net\/aktuell\/cams\/\" target=\"_blank\" rel=\"nofollow noopener noreferrer\"><img loading=\"lazy\" decoding=\"async\" src=\"https:\/\/www.pornomeile.net\/banner\/livemachen.gif\" width=\"350\" height=\"250\" alt=\"Amateur Cams\" \/><\/a><\/div>\n<p><a href=\"https:\/\/www.camsexs.org\/\" target=\"_blank\" rel=\"noopener noreferrer\">camsexs.org<\/a><br \/>\nHier bei uns bekommst du guten Camsex aus allen Sexcam Nischen die man sich beim Livesex vorstellen kann. Hier wird jede nur erdenkliche sexuelle Neigung bedient. Auch muss sich niemand sorgen machen, dass seine Neigung breitgetreten wird und jeder diese mitbekommt. Daf\u00fcr gibt es ja den ganz privaten Cam2Cam Sexchat, wo du ganz allein mit deinem pers\u00f6nlichen Camgirl schreiben kannst, was du sehen willst. Das bekommt dann sonst niemand mit, au\u00dfer ihr beiden. Hier bei Camsexs.org geht so richtig die Post ab und es wird alles geboten, was mit Sex vor der Webcam zu tun hat. Teste auch du es mal aus.<\/p>\n<h2>Privater Camsex mit Cam2Cam Chat<\/h2>\n<p>Hier kannst du geilen Camsex zu hundert Prozent kostenlos genie\u00dfen. Es gibt keine versteckten Kosten, oder sonstige Abo Fallen. Sondern einfach nur geilen Onlinesex mit hemmungslosen und wilden Ludern die sich sehr gern beim Masturbieren zeigen. Komm doch einfach mal vorbei und lasse dich von unseren M\u00e4dels in ihren Bann ziehen. Gratis Camsex mit wilden Strip Girls die alles von sich zeigen, was du sehen willst. Hier wird nicht mit Reizen oder Geilheit hinterm Berg gehalten. Bei uns geht im Sexchat immer sofort die Post ab. Niemand wird vor unseren Sexcams zu kurz kommen, sondern immer die Befriedigung erhalten, die er schon immer haben wollte.<\/p>\n<h3>T\u00e4glich Cam Sex auf Deutsch mit geilen Girls<\/h3>\n<p>Unser Cam Sex ist 24\/7 f\u00fcr dich verf\u00fcgbar und du kannst dich sofort kostenlos bei uns anmelden und dann sofort mit verfickten Livesexgirls chatten. Aufregende Camsex Girls, die sich online vor einer Kamera nackt zeigen wichsen hier ungeniert live. Unzensierter kann Live Camsex nicht sein, wenn h\u00fcbsche Teens und reife Weiber sich am engen F\u00f6tzchen fingern und es wenn es erst mal sch\u00f6n feucht ist mit einem Pimmelersatz anfangen an zu ficken. Finde hier aufregende Cam Sex Girls unzensiert. Geiler Camsex nur auf Deutsch und nat\u00fcrlich nur mit deutschen Livesexgirls. So wie der Sex vor der Webcam eben sein muss, wenn man als Deutscher mal wieder ordentlich wichsen will. Hier bei uns kannst du mit allen Sexcam Frauen in deiner Muttersprache kommunizieren und musst nicht extra noch eine Fremdsprache lernen, um geilen Sexcamsex zu haben.<\/p>\n<h4>Camsex Luder im Sex Chat<\/h4>\n<p>Harter Camsex von geilen Ludern die nackt vor der Webcam strippen um dich mit einer erotische Sexshow auf zu geilen. Hier findest du die Frauen die solche xxx Wichsshows zeigen. Da erlebst du was einsame Frauen so treiben, wenn sie geil sind. Das ist Kontaktsuche von vernachl\u00e4ssigten Weibern im 21ten Jahrhundert. Viele Sonderangebote wie gratis Test Zugang. Wenn du geilen Cam Sex erleben willst wo private Luder sich die M\u00f6se fingern um zum Orgasmus zu kommen solltest du dir diesen Pornoblog anschauen. Er bietet Bilder von den geilen Camludern und beschreibt euch Einzelheiten aus dem Sex Chat mit den nackten Cam Girls. Aber schaut besser selber und schnappt euch einen der begehrten Cam Sex Gutscheine.<\/p>\n<h2>Als Voyeur Cam Sex erleben<\/h2>\n<p>Geiler Cam Sex wo du so richtig sch\u00f6n die Voyeur Position einnehmen und geilen beim Masturbieren und Dildoficken zusehen kannst. Das und noch sehr viel mehr in Sachen Camsex bekommst du hier bei uns. Hier wird jeder, der nackte Frauen sehen will, immer auf seine Kosten kommen. Alles was mit Sex vor der Webcam zu tun hat, gibt es hier. Dazu kommt noch die kostenlose Anmeldung bei unserem Dienst, was die ganze Geschichte nat\u00fcrlich noch viel schmackhafter macht. Teste unseren Livesex Service doch jetzt einfach mal. Es gibt genug versaute Sexcam Frauen, die nur auf deinen Besuch warten.<\/p>\n","protected":false},"excerpt":{"rendered":"<p>camsex-live.net Cam2Cam mit hei\u00dfen deutschsprachigen Frauen wichsen und chatten. Genau das Kannst du auf dieser geilen Camsex Seite erleben. Hei\u00dfe Amateur Luder wie Mila Elaine, Mira Grey, Nele Sweet oder&#8230;<\/p>\n<div class=\"more-link-wrapper\"><a class=\"more-link\" href=\"https:\/\/www.pornomeile.net\/camsex\/\">Weiterlesen<span class=\"screen-reader-text\">Private Cams und Cam2Cam Livechat mit Gratiszugang<\/span><\/a><\/div>\n","protected":false},"author":1,"featured_media":0,"parent":0,"menu_order":0,"comment_status":"closed","ping_status":"closed","template":"","meta":{"footnotes":""},"class_list":["post-4","page","type-page","status-publish","hentry","excerpt"],"yoast_head":"<!-- This site is optimized with the Yoast SEO plugin v27.4 - https:\/\/yoast.com\/product\/yoast-seo-wordpress\/ -->\n<title>Camsex live | Deutsche Cam Sex Girls im gratis Camchat<\/title>\n<meta name=\"robots\" content=\"index, follow, max-snippet:-1, max-image-preview:large, max-video-preview:-1\" \/>\n<link rel=\"canonical\" href=\"https:\/\/www.pornomeile.net\/camsex\/\" \/>\n<meta property=\"og:locale\" content=\"de_DE\" \/>\n<meta property=\"og:type\" content=\"article\" \/>\n<meta property=\"og:title\" content=\"Camsex live | Deutsche Cam Sex Girls im gratis Camchat\" \/>\n<meta property=\"og:description\" content=\"camsex-live.net Cam2Cam mit hei\u00dfen deutschsprachigen Frauen wichsen und chatten. Genau das Kannst du auf dieser geilen Camsex Seite erleben. Hei\u00dfe Amateur Luder wie Mila Elaine, Mira Grey, Nele Sweet oder&#8230;\" \/>\n<meta property=\"og:url\" content=\"https:\/\/www.pornomeile.net\/camsex\/\" \/>\n<meta property=\"og:site_name\" content=\"Camsex\" \/>\n<meta property=\"article:modified_time\" content=\"2025-08-09T12:05:37+00:00\" \/>\n<meta property=\"og:image\" content=\"https:\/\/www.pornomeile.net\/banner\/camtini.gif\" \/>\n<meta name=\"twitter:card\" content=\"summary_large_image\" \/>\n<meta name=\"twitter:label1\" content=\"Gesch\u00e4tzte Lesezeit\" \/>\n\t<meta name=\"twitter:data1\" content=\"13\u00a0Minuten\" \/>\n<script type=\"application\/ld+json\" class=\"yoast-schema-graph\">{\"@context\":\"https:\\\/\\\/schema.org\",\"@graph\":[{\"@type\":\"WebPage\",\"@id\":\"https:\\\/\\\/www.pornomeile.net\\\/camsex\\\/\",\"url\":\"https:\\\/\\\/www.pornomeile.net\\\/camsex\\\/\",\"name\":\"Camsex live | Deutsche Cam Sex Girls im gratis Camchat\",\"isPartOf\":{\"@id\":\"https:\\\/\\\/www.pornomeile.net\\\/camsex\\\/#website\"},\"primaryImageOfPage\":{\"@id\":\"https:\\\/\\\/www.pornomeile.net\\\/camsex\\\/#primaryimage\"},\"image\":{\"@id\":\"https:\\\/\\\/www.pornomeile.net\\\/camsex\\\/#primaryimage\"},\"thumbnailUrl\":\"https:\\\/\\\/www.pornomeile.net\\\/banner\\\/camtini.gif\",\"datePublished\":\"2019-03-23T08:35:35+00:00\",\"dateModified\":\"2025-08-09T12:05:37+00:00\",\"breadcrumb\":{\"@id\":\"https:\\\/\\\/www.pornomeile.net\\\/camsex\\\/#breadcrumb\"},\"inLanguage\":\"de\",\"potentialAction\":[{\"@type\":\"ReadAction\",\"target\":[\"https:\\\/\\\/www.pornomeile.net\\\/camsex\\\/\"]}]},{\"@type\":\"ImageObject\",\"inLanguage\":\"de\",\"@id\":\"https:\\\/\\\/www.pornomeile.net\\\/camsex\\\/#primaryimage\",\"url\":\"https:\\\/\\\/www.pornomeile.net\\\/banner\\\/camtini.gif\",\"contentUrl\":\"https:\\\/\\\/www.pornomeile.net\\\/banner\\\/camtini.gif\"},{\"@type\":\"BreadcrumbList\",\"@id\":\"https:\\\/\\\/www.pornomeile.net\\\/camsex\\\/#breadcrumb\",\"itemListElement\":[{\"@type\":\"ListItem\",\"position\":1,\"name\":\"Startseite\",\"item\":\"https:\\\/\\\/www.pornomeile.net\\\/camsex\\\/\"},{\"@type\":\"ListItem\",\"position\":2,\"name\":\"Private Cams und Cam2Cam Livechat mit Gratiszugang\"}]},{\"@type\":\"WebSite\",\"@id\":\"https:\\\/\\\/www.pornomeile.net\\\/camsex\\\/#website\",\"url\":\"https:\\\/\\\/www.pornomeile.net\\\/camsex\\\/\",\"name\":\"Camsex\",\"description\":\"Live Camsex Chat kostenlos testen\",\"potentialAction\":[{\"@type\":\"SearchAction\",\"target\":{\"@type\":\"EntryPoint\",\"urlTemplate\":\"https:\\\/\\\/www.pornomeile.net\\\/camsex\\\/?s={search_term_string}\"},\"query-input\":{\"@type\":\"PropertyValueSpecification\",\"valueRequired\":true,\"valueName\":\"search_term_string\"}}],\"inLanguage\":\"de\"}]}<\/script>\n<!-- \/ Yoast SEO plugin. -->","yoast_head_json":{"title":"Camsex live | Deutsche Cam Sex Girls im gratis Camchat","robots":{"index":"index","follow":"follow","max-snippet":"max-snippet:-1","max-image-preview":"max-image-preview:large","max-video-preview":"max-video-preview:-1"},"canonical":"https:\/\/www.pornomeile.net\/camsex\/","og_locale":"de_DE","og_type":"article","og_title":"Camsex live | Deutsche Cam Sex Girls im gratis Camchat","og_description":"camsex-live.net Cam2Cam mit hei\u00dfen deutschsprachigen Frauen wichsen und chatten. Genau das Kannst du auf dieser geilen Camsex Seite erleben. Hei\u00dfe Amateur Luder wie Mila Elaine, Mira Grey, Nele Sweet oder&#8230;","og_url":"https:\/\/www.pornomeile.net\/camsex\/","og_site_name":"Camsex","article_modified_time":"2025-08-09T12:05:37+00:00","og_image":[{"url":"https:\/\/www.pornomeile.net\/banner\/camtini.gif","type":"","width":"","height":""}],"twitter_card":"summary_large_image","twitter_misc":{"Gesch\u00e4tzte Lesezeit":"13\u00a0Minuten"},"schema":{"@context":"https:\/\/schema.org","@graph":[{"@type":"WebPage","@id":"https:\/\/www.pornomeile.net\/camsex\/","url":"https:\/\/www.pornomeile.net\/camsex\/","name":"Camsex live | Deutsche Cam Sex Girls im gratis Camchat","isPartOf":{"@id":"https:\/\/www.pornomeile.net\/camsex\/#website"},"primaryImageOfPage":{"@id":"https:\/\/www.pornomeile.net\/camsex\/#primaryimage"},"image":{"@id":"https:\/\/www.pornomeile.net\/camsex\/#primaryimage"},"thumbnailUrl":"https:\/\/www.pornomeile.net\/banner\/camtini.gif","datePublished":"2019-03-23T08:35:35+00:00","dateModified":"2025-08-09T12:05:37+00:00","breadcrumb":{"@id":"https:\/\/www.pornomeile.net\/camsex\/#breadcrumb"},"inLanguage":"de","potentialAction":[{"@type":"ReadAction","target":["https:\/\/www.pornomeile.net\/camsex\/"]}]},{"@type":"ImageObject","inLanguage":"de","@id":"https:\/\/www.pornomeile.net\/camsex\/#primaryimage","url":"https:\/\/www.pornomeile.net\/banner\/camtini.gif","contentUrl":"https:\/\/www.pornomeile.net\/banner\/camtini.gif"},{"@type":"BreadcrumbList","@id":"https:\/\/www.pornomeile.net\/camsex\/#breadcrumb","itemListElement":[{"@type":"ListItem","position":1,"name":"Startseite","item":"https:\/\/www.pornomeile.net\/camsex\/"},{"@type":"ListItem","position":2,"name":"Private Cams und Cam2Cam Livechat mit Gratiszugang"}]},{"@type":"WebSite","@id":"https:\/\/www.pornomeile.net\/camsex\/#website","url":"https:\/\/www.pornomeile.net\/camsex\/","name":"Camsex","description":"Live Camsex Chat kostenlos testen","potentialAction":[{"@type":"SearchAction","target":{"@type":"EntryPoint","urlTemplate":"https:\/\/www.pornomeile.net\/camsex\/?s={search_term_string}"},"query-input":{"@type":"PropertyValueSpecification","valueRequired":true,"valueName":"search_term_string"}}],"inLanguage":"de"}]}},"_links":{"self":[{"href":"https:\/\/www.pornomeile.net\/camsex\/wp-json\/wp\/v2\/pages\/4","targetHints":{"allow":["GET"]}}],"collection":[{"href":"https:\/\/www.pornomeile.net\/camsex\/wp-json\/wp\/v2\/pages"}],"about":[{"href":"https:\/\/www.pornomeile.net\/camsex\/wp-json\/wp\/v2\/types\/page"}],"author":[{"embeddable":true,"href":"https:\/\/www.pornomeile.net\/camsex\/wp-json\/wp\/v2\/users\/1"}],"replies":[{"embeddable":true,"href":"https:\/\/www.pornomeile.net\/camsex\/wp-json\/wp\/v2\/comments?post=4"}],"version-history":[{"count":55,"href":"https:\/\/www.pornomeile.net\/camsex\/wp-json\/wp\/v2\/pages\/4\/revisions"}],"predecessor-version":[{"id":108,"href":"https:\/\/www.pornomeile.net\/camsex\/wp-json\/wp\/v2\/pages\/4\/revisions\/108"}],"wp:attachment":[{"href":"https:\/\/www.pornomeile.net\/camsex\/wp-json\/wp\/v2\/media?parent=4"}],"curies":[{"name":"wp","href":"https:\/\/api.w.org\/{rel}","templated":true}]}}